{"id":23977,"date":"2026-05-11T07:03:25","date_gmt":"2026-05-11T07:03:25","guid":{"rendered":"https:\/\/www.sinpeks.com\/rs\/?post_type=product&#038;p=23977"},"modified":"2026-05-11T07:08:11","modified_gmt":"2026-05-11T07:08:11","slug":"malcer-sa-kranskom-rukom-hrm300","status":"publish","type":"product","link":"https:\/\/www.sinpeks.com\/rs\/p\/malcer-sa-kranskom-rukom-hrm300\/","title":{"rendered":"Mal\u010der sa kranskom rukom HRM300"},"content":{"rendered":"<p>Ovaj vi\u0161enamenski mal\u010der sa kranskom rukom je specijalno dizajniran za traktore i nudi efikasno re\u0161enje za orezivanje i odr\u017eavanje vegetacije na te\u0161ko dostupnim mestima kao \u0161to su obale reka, ivi\u010dnjaci, jarci, ograde. Ruka zna\u010dajno povec\u0301ava radni domet, dok kompaktan dizajn olak\u0161ava transport. Robusna glavna struktura je u potpunosti napravljena od \u010delika visoke \u010dvrstoc\u0301e i nudi optimalnu kombinaciju strukturne stabilnosti, \u010dvrstoc\u0301e i izdr\u017eljivosti. Sistem ima integrisan sistem protiv udara koji poma\u017ee u spre\u010davanju o\u0161tec\u0301enja ma\u0161ine i okolnog podru\u010dja prilikom naila\u017eenja na neo\u010dekivane prepreke.<\/p>\n<p>*Fotografija je reprezentativne prirode.<\/p>\n","protected":false},"excerpt":{"rendered":"<p>Ovaj vi\u0161enamenski mal\u010der sa kranskom rukom je specijalno dizajniran za traktore i nudi efikasno re\u0161enje za orezivanje i odr\u017eavanje vegetacije na te\u0161ko dostupnim mestima kao \u0161to su obale reka, ivi\u010dnjaci, jarci, ograde. Ruka zna\u010dajno povec\u0301ava radni domet, dok kompaktan dizajn olak\u0161ava transport. Robusna glavna struktura je u potpunosti napravljena od \u010delika visoke \u010dvrstoc\u0301e i nudi [&hellip;]<\/p>\n","protected":false},"featured_media":23978,"comment_status":"open","ping_status":"closed","template":"","meta":{"_acf_changed":false},"product_cat":[82],"product_tag":[],"class_list":{"0":"post-23977","1":"product","2":"type-product","3":"status-publish","4":"has-post-thumbnail","6":"product_cat-tarupi","7":"product_shipping_class-ostale-kategorije-makedonija","8":"pa_b-agrina","9":"pa_broj-radnih-tela-5324","10":"pa_market-ba","11":"pa_market-mk","12":"pa_market-rs","13":"pa_radna-sirina-80-cm","15":"first","16":"instock","17":"sale","18":"taxable","19":"shipping-taxable","20":"purchasable","21":"product-type-simple"},"acf":[],"seolaxy_ctr_woo_product_custom_meta_description_content":"","_links":{"self":[{"href":"https:\/\/www.sinpeks.com\/rs\/wp-json\/wp\/v2\/product\/23977","targetHints":{"allow":["GET"]}}],"collection":[{"href":"https:\/\/www.sinpeks.com\/rs\/wp-json\/wp\/v2\/product"}],"about":[{"href":"https:\/\/www.sinpeks.com\/rs\/wp-json\/wp\/v2\/types\/product"}],"replies":[{"embeddable":true,"href":"https:\/\/www.sinpeks.com\/rs\/wp-json\/wp\/v2\/comments?post=23977"}],"wp:featuredmedia":[{"embeddable":true,"href":"https:\/\/www.sinpeks.com\/rs\/wp-json\/wp\/v2\/media\/23978"}],"wp:attachment":[{"href":"https:\/\/www.sinpeks.com\/rs\/wp-json\/wp\/v2\/media?parent=23977"}],"wp:term":[{"taxonomy":"product_cat","embeddable":true,"href":"https:\/\/www.sinpeks.com\/rs\/wp-json\/wp\/v2\/product_cat?post=23977"},{"taxonomy":"product_tag","embeddable":true,"href":"https:\/\/www.sinpeks.com\/rs\/wp-json\/wp\/v2\/product_tag?post=23977"}],"curies":[{"name":"wp","href":"https:\/\/api.w.org\/{rel}","templated":true}]}}