{"id":23892,"date":"2026-04-23T11:38:33","date_gmt":"2026-04-23T11:38:33","guid":{"rendered":"https:\/\/www.sinpeks.com\/rs\/p\/mikserica-agrina-1m3-s-nosena-pogon-elektricni\/"},"modified":"2026-04-23T12:52:47","modified_gmt":"2026-04-23T12:52:47","slug":"mikserica-agrina-1m3-s-nosena-pogon-elektricni","status":"publish","type":"product","link":"https:\/\/www.sinpeks.com\/rs\/p\/mikserica-agrina-1m3-s-nosena-pogon-elektricni\/","title":{"rendered":"Mikserica Agrina 1m3-S no\u0161ena, pogon elektri\u010dni"},"content":{"rendered":"<p>Njegov stabilan dizajn i elektri\u010dni pogon \u010dini ga idealnim re\u0161enjem za mala i srednja preduzec\u0301a. Sa kapacitetom od 1 m\u00b3, brzo i homogeno me\u0161a hranu, jednostavan je za upotrebu i \u0161tedi energiju.<\/p>\n","protected":false},"excerpt":{"rendered":"<p>Njegov stabilan dizajn i elektri\u010dni pogon \u010dini ga idealnim re\u0161enjem za mala i srednja preduzec\u0301a. Sa kapacitetom od 1 m\u00b3, brzo i homogeno me\u0161a hranu, jednostavan je za upotrebu i \u0161tedi energiju.<\/p>\n","protected":false},"featured_media":23916,"comment_status":"open","ping_status":"closed","template":"","meta":{"_acf_changed":false},"product_cat":[5321],"product_tag":[],"class_list":{"0":"post-23892","1":"product","2":"type-product","3":"status-publish","4":"has-post-thumbnail","6":"product_cat-mikserice-za-stocnu-hranu-tmr","7":"product_shipping_class-ostale-kategorije-makedonija","8":"pa_b-agrina","9":"pa_market-ba","10":"pa_market-mk","11":"pa_market-rs","12":"pa_snaga-motora-4-ks","14":"first","15":"outofstock","16":"sale","17":"taxable","18":"shipping-taxable","19":"purchasable","20":"product-type-simple"},"acf":[],"seolaxy_ctr_woo_product_custom_meta_description_content":"","_links":{"self":[{"href":"https:\/\/www.sinpeks.com\/rs\/wp-json\/wp\/v2\/product\/23892","targetHints":{"allow":["GET"]}}],"collection":[{"href":"https:\/\/www.sinpeks.com\/rs\/wp-json\/wp\/v2\/product"}],"about":[{"href":"https:\/\/www.sinpeks.com\/rs\/wp-json\/wp\/v2\/types\/product"}],"replies":[{"embeddable":true,"href":"https:\/\/www.sinpeks.com\/rs\/wp-json\/wp\/v2\/comments?post=23892"}],"wp:featuredmedia":[{"embeddable":true,"href":"https:\/\/www.sinpeks.com\/rs\/wp-json\/wp\/v2\/media\/23916"}],"wp:attachment":[{"href":"https:\/\/www.sinpeks.com\/rs\/wp-json\/wp\/v2\/media?parent=23892"}],"wp:term":[{"taxonomy":"product_cat","embeddable":true,"href":"https:\/\/www.sinpeks.com\/rs\/wp-json\/wp\/v2\/product_cat?post=23892"},{"taxonomy":"product_tag","embeddable":true,"href":"https:\/\/www.sinpeks.com\/rs\/wp-json\/wp\/v2\/product_tag?post=23892"}],"curies":[{"name":"wp","href":"https:\/\/api.w.org\/{rel}","templated":true}]}}