{"id":23889,"date":"2026-04-23T11:38:33","date_gmt":"2026-04-23T11:38:33","guid":{"rendered":"https:\/\/www.sinpeks.com\/rs\/p\/mikserica-agrina-4m3-s-vucena-pogon-kardan-hidraulicna-vrata-vaga\/"},"modified":"2026-04-23T12:46:44","modified_gmt":"2026-04-23T12:46:44","slug":"mikserica-agrina-4m3-s-vucena-pogon-kardan-hidraulicna-vrata-vaga","status":"publish","type":"product","link":"https:\/\/www.sinpeks.com\/rs\/p\/mikserica-agrina-4m3-s-vucena-pogon-kardan-hidraulicna-vrata-vaga\/","title":{"rendered":"Mikserica Agrina 4m3-S vu\u010dena, pogon kardan, hidrauli\u010dna vrata, vaga"},"content":{"rendered":"<p>Sa svojim velikim kapacitetom, idealno je re\u0161enje za velika preduzec\u0301a. Zahvaljujuc\u0301i svom dizajnu koji se mo\u017ee vu\u010diti, lako je prenosiv, a njegov rezervoar od 4 m\u00b3 omoguc\u0301ava vam brzo dobijanje i homogenih sme\u0161a hrane.<\/p>\n","protected":false},"excerpt":{"rendered":"<p>Sa svojim velikim kapacitetom, idealno je re\u0161enje za velika preduzec\u0301a. Zahvaljujuc\u0301i svom dizajnu koji se mo\u017ee vu\u010diti, lako je prenosiv, a njegov rezervoar od 4 m\u00b3 omoguc\u0301ava vam brzo dobijanje i homogenih sme\u0161a hrane.<\/p>\n","protected":false},"featured_media":23914,"comment_status":"open","ping_status":"closed","template":"","meta":{"_acf_changed":false},"product_cat":[5321],"product_tag":[],"class_list":{"0":"post-23889","1":"product","2":"type-product","3":"status-publish","4":"has-post-thumbnail","6":"product_cat-mikserice-za-stocnu-hranu-tmr","7":"product_shipping_class-ostale-kategorije-makedonija","8":"pa_b-agrina","9":"pa_market-ba","10":"pa_market-mk","11":"pa_market-rs","12":"pa_snaga-motora-kardan","14":"first","15":"outofstock","16":"sale","17":"taxable","18":"shipping-taxable","19":"purchasable","20":"product-type-simple"},"acf":[],"seolaxy_ctr_woo_product_custom_meta_description_content":"","_links":{"self":[{"href":"https:\/\/www.sinpeks.com\/rs\/wp-json\/wp\/v2\/product\/23889","targetHints":{"allow":["GET"]}}],"collection":[{"href":"https:\/\/www.sinpeks.com\/rs\/wp-json\/wp\/v2\/product"}],"about":[{"href":"https:\/\/www.sinpeks.com\/rs\/wp-json\/wp\/v2\/types\/product"}],"replies":[{"embeddable":true,"href":"https:\/\/www.sinpeks.com\/rs\/wp-json\/wp\/v2\/comments?post=23889"}],"wp:featuredmedia":[{"embeddable":true,"href":"https:\/\/www.sinpeks.com\/rs\/wp-json\/wp\/v2\/media\/23914"}],"wp:attachment":[{"href":"https:\/\/www.sinpeks.com\/rs\/wp-json\/wp\/v2\/media?parent=23889"}],"wp:term":[{"taxonomy":"product_cat","embeddable":true,"href":"https:\/\/www.sinpeks.com\/rs\/wp-json\/wp\/v2\/product_cat?post=23889"},{"taxonomy":"product_tag","embeddable":true,"href":"https:\/\/www.sinpeks.com\/rs\/wp-json\/wp\/v2\/product_tag?post=23889"}],"curies":[{"name":"wp","href":"https:\/\/api.w.org\/{rel}","templated":true}]}}