{"id":23888,"date":"2026-04-23T11:38:33","date_gmt":"2026-04-23T11:38:33","guid":{"rendered":"https:\/\/www.sinpeks.com\/rs\/p\/mikserica-agrina-25m3-s-vucena-pogon-kardan-hidraulicna-vrata\/"},"modified":"2026-04-23T12:36:13","modified_gmt":"2026-04-23T12:36:13","slug":"mikserica-agrina-25m3-s-vucena-pogon-kardan-hidraulicna-vrata","status":"publish","type":"product","link":"https:\/\/www.sinpeks.com\/rs\/p\/mikserica-agrina-25m3-s-vucena-pogon-kardan-hidraulicna-vrata\/","title":{"rendered":"Mikserica Agrina 2,5m3-S vu\u010dena, pogon kardan, hidrauli\u010dna vrata"},"content":{"rendered":"<p>Mikserica je kardanski pogonjena, prihvatljivo re\u0161enje za me\u0161anje hrane. Sa kapacitetom od 2,5 m\u00b3 i dizajnom koji se mo\u017ee vu\u010diti, nudi laku prenosivost i visoku efikasnost. Poseduje i hidrauli\u010dnu vratu.<\/p>\n","protected":false},"excerpt":{"rendered":"<p>Mikserica je kardanski pogonjena, prihvatljivo re\u0161enje za me\u0161anje hrane. Sa kapacitetom od 2,5 m\u00b3 i dizajnom koji se mo\u017ee vu\u010diti, nudi laku prenosivost i visoku efikasnost. Poseduje i hidrauli\u010dnu vratu.<\/p>\n","protected":false},"featured_media":23909,"comment_status":"open","ping_status":"closed","template":"","meta":{"_acf_changed":false},"product_cat":[5321],"product_tag":[],"class_list":{"0":"post-23888","1":"product","2":"type-product","3":"status-publish","4":"has-post-thumbnail","6":"product_cat-mikserice-za-stocnu-hranu-tmr","7":"product_shipping_class-ostale-kategorije-makedonija","8":"pa_b-agrina","9":"pa_market-ba","10":"pa_market-mk","11":"pa_market-rs","12":"pa_snaga-motora-kardan","14":"first","15":"outofstock","16":"sale","17":"taxable","18":"shipping-taxable","19":"purchasable","20":"product-type-simple"},"acf":[],"seolaxy_ctr_woo_product_custom_meta_description_content":"","_links":{"self":[{"href":"https:\/\/www.sinpeks.com\/rs\/wp-json\/wp\/v2\/product\/23888","targetHints":{"allow":["GET"]}}],"collection":[{"href":"https:\/\/www.sinpeks.com\/rs\/wp-json\/wp\/v2\/product"}],"about":[{"href":"https:\/\/www.sinpeks.com\/rs\/wp-json\/wp\/v2\/types\/product"}],"replies":[{"embeddable":true,"href":"https:\/\/www.sinpeks.com\/rs\/wp-json\/wp\/v2\/comments?post=23888"}],"wp:featuredmedia":[{"embeddable":true,"href":"https:\/\/www.sinpeks.com\/rs\/wp-json\/wp\/v2\/media\/23909"}],"wp:attachment":[{"href":"https:\/\/www.sinpeks.com\/rs\/wp-json\/wp\/v2\/media?parent=23888"}],"wp:term":[{"taxonomy":"product_cat","embeddable":true,"href":"https:\/\/www.sinpeks.com\/rs\/wp-json\/wp\/v2\/product_cat?post=23888"},{"taxonomy":"product_tag","embeddable":true,"href":"https:\/\/www.sinpeks.com\/rs\/wp-json\/wp\/v2\/product_tag?post=23888"}],"curies":[{"name":"wp","href":"https:\/\/api.w.org\/{rel}","templated":true}]}}