{"id":23616,"date":"2026-02-25T12:51:08","date_gmt":"2026-02-25T12:51:08","guid":{"rendered":"https:\/\/www.sinpeks.com\/rs\/?post_type=product&#038;p=23616"},"modified":"2026-04-23T09:42:30","modified_gmt":"2026-04-23T09:42:30","slug":"prikolica-fermak-10-t-sa-vazdusnim-kocnicama-i-triplim-stranicama","status":"publish","type":"product","link":"https:\/\/www.sinpeks.com\/rs\/p\/prikolica-fermak-10-t-sa-vazdusnim-kocnicama-i-triplim-stranicama\/","title":{"rendered":"Prikolica FERMAK 10 t sa vazdu\u0161nim kocnicama i triplim stranicama"},"content":{"rendered":"<p>Tandem transportna prikolica sa nosivo\u0161\u0107u do 10 tona, sa vazdu\u0161nim kocnicama i rifuznim kipanjem na zadnu stranu.<\/p>\n","protected":false},"excerpt":{"rendered":"<p>Tandem transportna prikolica sa nosivo\u0161\u0107u do 10 tona, sa vazdu\u0161nim kocnicama i rifuznim kipanjem na zadnu stranu.<\/p>\n","protected":false},"featured_media":20822,"comment_status":"closed","ping_status":"closed","template":"","meta":{"_acf_changed":false},"product_cat":[36],"product_tag":[],"class_list":{"0":"post-23616","1":"product","2":"type-product","3":"status-publish","4":"has-post-thumbnail","6":"product_cat-prikolice-za-traktor","7":"product_shipping_class-ostale-kategorije-makedonija","8":"pa_b-fermak","9":"pa_kipanje-sa-kipanjem-na-jednu-stranu","10":"pa_market-ba","11":"pa_market-mk","12":"pa_market-rs","13":"pa_nosivost-prikolice-10-t","14":"pa_tip-kocnice-pneumatske","16":"first","17":"outofstock","18":"sale","19":"taxable","20":"shipping-taxable","21":"purchasable","22":"product-type-simple"},"acf":[],"seolaxy_ctr_woo_product_custom_meta_description_content":"","_links":{"self":[{"href":"https:\/\/www.sinpeks.com\/rs\/wp-json\/wp\/v2\/product\/23616","targetHints":{"allow":["GET"]}}],"collection":[{"href":"https:\/\/www.sinpeks.com\/rs\/wp-json\/wp\/v2\/product"}],"about":[{"href":"https:\/\/www.sinpeks.com\/rs\/wp-json\/wp\/v2\/types\/product"}],"replies":[{"embeddable":true,"href":"https:\/\/www.sinpeks.com\/rs\/wp-json\/wp\/v2\/comments?post=23616"}],"wp:featuredmedia":[{"embeddable":true,"href":"https:\/\/www.sinpeks.com\/rs\/wp-json\/wp\/v2\/media\/20822"}],"wp:attachment":[{"href":"https:\/\/www.sinpeks.com\/rs\/wp-json\/wp\/v2\/media?parent=23616"}],"wp:term":[{"taxonomy":"product_cat","embeddable":true,"href":"https:\/\/www.sinpeks.com\/rs\/wp-json\/wp\/v2\/product_cat?post=23616"},{"taxonomy":"product_tag","embeddable":true,"href":"https:\/\/www.sinpeks.com\/rs\/wp-json\/wp\/v2\/product_tag?post=23616"}],"curies":[{"name":"wp","href":"https:\/\/api.w.org\/{rel}","templated":true}]}}