{"id":23505,"date":"2026-02-11T12:11:41","date_gmt":"2026-02-11T12:11:41","guid":{"rendered":"https:\/\/www.sinpeks.com\/rs\/?post_type=product&#038;p=23505"},"modified":"2026-03-31T12:02:12","modified_gmt":"2026-03-31T12:02:12","slug":"akumulatorski-zabijac-za-eksere-elcnli9008-emtop","status":"publish","type":"product","link":"https:\/\/www.sinpeks.com\/rs\/p\/akumulatorski-zabijac-za-eksere-elcnli9008-emtop\/","title":{"rendered":"Akumulatorski zabija\u010d za eksere ELCNLI9008 Emtop"},"content":{"rendered":"<p>Akumulatorski zabija\u010d\u00a0 namenjen za zabijanje eksere u beton. Koristi se za pri\u010dvr\u0161c\u0301ivanje kablova ili cevi u betonu C60 i \u010deliku do 6 mm (maksimalna du\u017eina eksera 27 mm). Ima BL motor bez \u010detkica i dolazi u kompletu sa 2 baterije od 4ah i punja\u010dem, 1000 eksera (27 mm), adapterima za razli\u010dite namene, i je upakovan u kofer za skladi\u0161tenje i transport.<\/p>\n","protected":false},"excerpt":{"rendered":"<p>Akumulatorski zabija\u010d\u00a0 namenjen za zabijanje eksere u beton. Koristi se za pri\u010dvr\u0161c\u0301ivanje kablova ili cevi u betonu C60 i \u010deliku do 6 mm (maksimalna du\u017eina eksera 27 mm). Ima BL motor bez \u010detkica i dolazi u kompletu sa 2 baterije od 4ah i punja\u010dem, 1000 eksera (27 mm), adapterima za razli\u010dite namene, i je upakovan [&hellip;]<\/p>\n","protected":false},"featured_media":23506,"comment_status":"open","ping_status":"closed","template":"","meta":{"_acf_changed":false},"product_cat":[3760,5293],"product_tag":[],"class_list":{"0":"post-23505","1":"product","2":"type-product","3":"status-publish","4":"has-post-thumbnail","6":"product_cat-alati","7":"product_cat-emtop-akcija","8":"product_shipping_class-alati-masine-makedonija","9":"pa_b-emtop","10":"pa_market-ba","11":"pa_market-mk","12":"pa_market-rs","13":"pa_napon-20-v","15":"first","16":"outofstock","17":"sale","18":"taxable","19":"shipping-taxable","20":"purchasable","21":"product-type-simple"},"acf":[],"seolaxy_ctr_woo_product_custom_meta_description_content":"","_links":{"self":[{"href":"https:\/\/www.sinpeks.com\/rs\/wp-json\/wp\/v2\/product\/23505","targetHints":{"allow":["GET"]}}],"collection":[{"href":"https:\/\/www.sinpeks.com\/rs\/wp-json\/wp\/v2\/product"}],"about":[{"href":"https:\/\/www.sinpeks.com\/rs\/wp-json\/wp\/v2\/types\/product"}],"replies":[{"embeddable":true,"href":"https:\/\/www.sinpeks.com\/rs\/wp-json\/wp\/v2\/comments?post=23505"}],"wp:featuredmedia":[{"embeddable":true,"href":"https:\/\/www.sinpeks.com\/rs\/wp-json\/wp\/v2\/media\/23506"}],"wp:attachment":[{"href":"https:\/\/www.sinpeks.com\/rs\/wp-json\/wp\/v2\/media?parent=23505"}],"wp:term":[{"taxonomy":"product_cat","embeddable":true,"href":"https:\/\/www.sinpeks.com\/rs\/wp-json\/wp\/v2\/product_cat?post=23505"},{"taxonomy":"product_tag","embeddable":true,"href":"https:\/\/www.sinpeks.com\/rs\/wp-json\/wp\/v2\/product_tag?post=23505"}],"curies":[{"name":"wp","href":"https:\/\/api.w.org\/{rel}","templated":true}]}}