{"id":23478,"date":"2026-02-03T11:22:35","date_gmt":"2026-02-03T11:22:35","guid":{"rendered":"https:\/\/www.sinpeks.com\/rs\/?post_type=product&#038;p=23478"},"modified":"2026-04-07T07:44:32","modified_gmt":"2026-04-07T07:44:32","slug":"nosena-prskalica-ontar-buferagri-1000l-sa-hidraulicnim-x-ramom-15m-ram","status":"publish","type":"product","link":"https:\/\/www.sinpeks.com\/rs\/p\/nosena-prskalica-ontar-buferagri-1000l-sa-hidraulicnim-x-ramom-15m-ram\/","title":{"rendered":"No\u0161ena prskalica Ontar-Buferagri 1000l sa hidraulicnim X ramom 15m ram"},"content":{"rendered":"<p>No\u0161ena prskalica ONTAR sa hidrauli\u010dnim ramom tipa X od 15 metara, pogodna za prskanje svih ratarskih kultura protiv korova i insekata. Ima kapacitet rezervoara od 1000 litara i opremljena je sa posudu za pranje ruke i kardan.<\/p>\n<p>*Fotografija je od reprezentativne prirode.<\/p>\n","protected":false},"excerpt":{"rendered":"<p>No\u0161ena prskalica ONTAR sa hidrauli\u010dnim ramom tipa X od 15 metara, pogodna za prskanje svih ratarskih kultura protiv korova i insekata. Ima kapacitet rezervoara od 1000 litara i opremljena je sa posudu za pranje ruke i kardan. *Fotografija je od reprezentativne prirode.<\/p>\n","protected":false},"featured_media":23479,"comment_status":"open","ping_status":"closed","template":"","meta":{"_acf_changed":false},"product_cat":[100],"product_tag":[],"class_list":{"0":"post-23478","1":"product","2":"type-product","3":"status-publish","4":"has-post-thumbnail","6":"product_cat-prskalice-za-traktor","7":"product_shipping_class-ostale-kategorije-makedonija","8":"pa_b-bufer","9":"pa_duzina-rama-15-m","10":"pa_market-ba","11":"pa_market-mk","12":"pa_market-rs","13":"pa_pritisak-50-bar","14":"pa_tip-masine-nosene","15":"pa_tip-rama-sa-hidraulicnim-ramom","16":"pa_zapremina-rezervoara-1000-l","18":"first","19":"outofstock","20":"sale","21":"taxable","22":"shipping-taxable","23":"purchasable","24":"product-type-simple"},"acf":[],"seolaxy_ctr_woo_product_custom_meta_description_content":"","_links":{"self":[{"href":"https:\/\/www.sinpeks.com\/rs\/wp-json\/wp\/v2\/product\/23478","targetHints":{"allow":["GET"]}}],"collection":[{"href":"https:\/\/www.sinpeks.com\/rs\/wp-json\/wp\/v2\/product"}],"about":[{"href":"https:\/\/www.sinpeks.com\/rs\/wp-json\/wp\/v2\/types\/product"}],"replies":[{"embeddable":true,"href":"https:\/\/www.sinpeks.com\/rs\/wp-json\/wp\/v2\/comments?post=23478"}],"wp:featuredmedia":[{"embeddable":true,"href":"https:\/\/www.sinpeks.com\/rs\/wp-json\/wp\/v2\/media\/23479"}],"wp:attachment":[{"href":"https:\/\/www.sinpeks.com\/rs\/wp-json\/wp\/v2\/media?parent=23478"}],"wp:term":[{"taxonomy":"product_cat","embeddable":true,"href":"https:\/\/www.sinpeks.com\/rs\/wp-json\/wp\/v2\/product_cat?post=23478"},{"taxonomy":"product_tag","embeddable":true,"href":"https:\/\/www.sinpeks.com\/rs\/wp-json\/wp\/v2\/product_tag?post=23478"}],"curies":[{"name":"wp","href":"https:\/\/api.w.org\/{rel}","templated":true}]}}