{"id":23466,"date":"2026-01-30T15:09:03","date_gmt":"2026-01-30T15:09:03","guid":{"rendered":"https:\/\/www.sinpeks.com\/rs\/?post_type=product&#038;p=23466"},"modified":"2026-04-23T09:42:30","modified_gmt":"2026-04-23T09:42:30","slug":"21-brazni-14-incni-plug-unlu-sa-federima","status":"publish","type":"product","link":"https:\/\/www.sinpeks.com\/rs\/p\/21-brazni-14-incni-plug-unlu-sa-federima\/","title":{"rendered":"2+1 brazni 14 incni plug Unlu sa federima"},"content":{"rendered":"<p>Plug 3 (2+1) brazdni za jednosmerno oranje sa mehani\u010dkom pode\u0161avanjem \u0161irine. Izuzetno izdr\u017eljiv povr\u0161inski sloj za\u0161ti\u0107en postupkom elektrostatske plastifikacije metala, dizajniran za mala do srednja zemlji\u0161ta. Dodatni \u017eivotni vek zahvaljujuc\u0301i UNLU tehnologiji termi\u010dke obrade \u010delika. Ima rama sa dimenzije 120 X 100 i je premljen je sa federima za za\u0161titu.<\/p>\n","protected":false},"excerpt":{"rendered":"<p>Plug 3 (2+1) brazdni za jednosmerno oranje sa mehani\u010dkom pode\u0161avanjem \u0161irine. Izuzetno izdr\u017eljiv povr\u0161inski sloj za\u0161ti\u0107en postupkom elektrostatske plastifikacije metala, dizajniran za mala do srednja zemlji\u0161ta. Dodatni \u017eivotni vek zahvaljujuc\u0301i UNLU tehnologiji termi\u010dke obrade \u010delika. Ima rama sa dimenzije 120 X 100 i je premljen je sa federima za za\u0161titu.<\/p>\n","protected":false},"featured_media":23468,"comment_status":"open","ping_status":"closed","template":"","meta":{"_acf_changed":false},"product_cat":[77],"product_tag":[],"class_list":{"0":"post-23466","1":"product","2":"type-product","3":"status-publish","4":"has-post-thumbnail","6":"product_cat-plugovi","7":"product_shipping_class-ostale-kategorije-makedonija","8":"pa_b-unlu","9":"pa_broj-brazdi-trobrazdni","10":"pa_market-ba","11":"pa_market-mk","12":"pa_market-rs","13":"pa_min-snaga-traktora-60-95-ks","15":"first","16":"instock","17":"sale","18":"taxable","19":"shipping-taxable","20":"purchasable","21":"product-type-simple"},"acf":[],"seolaxy_ctr_woo_product_custom_meta_description_content":"","_links":{"self":[{"href":"https:\/\/www.sinpeks.com\/rs\/wp-json\/wp\/v2\/product\/23466","targetHints":{"allow":["GET"]}}],"collection":[{"href":"https:\/\/www.sinpeks.com\/rs\/wp-json\/wp\/v2\/product"}],"about":[{"href":"https:\/\/www.sinpeks.com\/rs\/wp-json\/wp\/v2\/types\/product"}],"replies":[{"embeddable":true,"href":"https:\/\/www.sinpeks.com\/rs\/wp-json\/wp\/v2\/comments?post=23466"}],"wp:featuredmedia":[{"embeddable":true,"href":"https:\/\/www.sinpeks.com\/rs\/wp-json\/wp\/v2\/media\/23468"}],"wp:attachment":[{"href":"https:\/\/www.sinpeks.com\/rs\/wp-json\/wp\/v2\/media?parent=23466"}],"wp:term":[{"taxonomy":"product_cat","embeddable":true,"href":"https:\/\/www.sinpeks.com\/rs\/wp-json\/wp\/v2\/product_cat?post=23466"},{"taxonomy":"product_tag","embeddable":true,"href":"https:\/\/www.sinpeks.com\/rs\/wp-json\/wp\/v2\/product_tag?post=23466"}],"curies":[{"name":"wp","href":"https:\/\/api.w.org\/{rel}","templated":true}]}}