{"id":23449,"date":"2026-01-29T09:47:41","date_gmt":"2026-01-29T09:47:41","guid":{"rendered":"https:\/\/www.sinpeks.com\/rs\/?post_type=product&#038;p=23449"},"modified":"2026-01-29T10:31:06","modified_gmt":"2026-01-29T10:31:06","slug":"usisivac-pro-worker-lavor","status":"publish","type":"product","link":"https:\/\/www.sinpeks.com\/rs\/p\/usisivac-pro-worker-lavor\/","title":{"rendered":"Usisiva\u010d PRO WORKER Lavor"},"content":{"rendered":"<p>Profesionalni usisiva\u010d sa visoko efikasnim motorom i sistemom usisavanja sa bajpas hla\u0111enjem. Ima ugra\u0111enu uti\u010dnicu za elektri\u010dni alat (maks. 2200 W), posudu otpornu na udarce (PP), indikator za\u010depljenosti filtera i rotacioni prekida\u010d.<\/p>\n","protected":false},"excerpt":{"rendered":"<p>Profesionalni usisiva\u010d sa visoko efikasnim motorom i sistemom usisavanja sa bajpas hla\u0111enjem. Ima ugra\u0111enu uti\u010dnicu za elektri\u010dni alat (maks. 2200 W), posudu otpornu na udarce (PP), indikator za\u010depljenosti filtera i rotacioni prekida\u010d.<\/p>\n","protected":false},"featured_media":23454,"comment_status":"closed","ping_status":"closed","template":"","meta":{"_acf_changed":false},"product_cat":[225],"product_tag":[],"class_list":{"0":"post-23449","1":"product","2":"type-product","3":"status-publish","4":"has-post-thumbnail","6":"product_cat-industrijski-usisivaci","7":"product_shipping_class-alati-masine-makedonija","8":"pa_broj-motora-sa-jednim-motorom","9":"pa_kapacitet-rezervoara-30-l","10":"pa_market-ba","11":"pa_market-mk","12":"pa_market-rs","13":"pa_napon-220-240v50-60hz-monofazna","14":"pa_snaga-motora-1400-w","16":"first","17":"instock","18":"sale","19":"taxable","20":"shipping-taxable","21":"purchasable","22":"product-type-simple"},"acf":[],"seolaxy_ctr_woo_product_custom_meta_description_content":"","_links":{"self":[{"href":"https:\/\/www.sinpeks.com\/rs\/wp-json\/wp\/v2\/product\/23449","targetHints":{"allow":["GET"]}}],"collection":[{"href":"https:\/\/www.sinpeks.com\/rs\/wp-json\/wp\/v2\/product"}],"about":[{"href":"https:\/\/www.sinpeks.com\/rs\/wp-json\/wp\/v2\/types\/product"}],"replies":[{"embeddable":true,"href":"https:\/\/www.sinpeks.com\/rs\/wp-json\/wp\/v2\/comments?post=23449"}],"wp:featuredmedia":[{"embeddable":true,"href":"https:\/\/www.sinpeks.com\/rs\/wp-json\/wp\/v2\/media\/23454"}],"wp:attachment":[{"href":"https:\/\/www.sinpeks.com\/rs\/wp-json\/wp\/v2\/media?parent=23449"}],"wp:term":[{"taxonomy":"product_cat","embeddable":true,"href":"https:\/\/www.sinpeks.com\/rs\/wp-json\/wp\/v2\/product_cat?post=23449"},{"taxonomy":"product_tag","embeddable":true,"href":"https:\/\/www.sinpeks.com\/rs\/wp-json\/wp\/v2\/product_tag?post=23449"}],"curies":[{"name":"wp","href":"https:\/\/api.w.org\/{rel}","templated":true}]}}