{"id":23447,"date":"2026-01-29T09:21:12","date_gmt":"2026-01-29T09:21:12","guid":{"rendered":"https:\/\/www.sinpeks.com\/rs\/?post_type=product&#038;p=23447"},"modified":"2026-05-05T10:03:57","modified_gmt":"2026-05-05T10:03:57","slug":"usisivac-30l-evcr1401-emtop","status":"publish","type":"product","link":"https:\/\/www.sinpeks.com\/rs\/p\/usisivac-30l-evcr1401-emtop\/","title":{"rendered":"Usisiva\u010d 30L EVCR1401 Emtop"},"content":{"rendered":"<p>Profesionalni usisiva\u010d sa posudom od ner\u0111ajuc\u0301eg \u010delika i kapacitetom od 30l. Koristi se za suvo i mokro usisavanje i opremljen je priklju\u010dkom za alat, fleksibilnim crevom, malom i velikom \u010detkom za \u010di\u0161c\u0301enje i HEPA filterom.<\/p>\n","protected":false},"excerpt":{"rendered":"<p>Profesionalni usisiva\u010d sa posudom od ner\u0111ajuc\u0301eg \u010delika i kapacitetom od 30l. Koristi se za suvo i mokro usisavanje i opremljen je priklju\u010dkom za alat, fleksibilnim crevom, malom i velikom \u010detkom za \u010di\u0161c\u0301enje i HEPA filterom.<\/p>\n","protected":false},"featured_media":23448,"comment_status":"open","ping_status":"closed","template":"","meta":{"_acf_changed":false},"product_cat":[5293,225],"product_tag":[],"class_list":{"0":"post-23447","1":"product","2":"type-product","3":"status-publish","4":"has-post-thumbnail","6":"product_cat-emtop-akcija","7":"product_cat-industrijski-usisivaci","8":"product_shipping_class-alati-masine-srbija","9":"pa_b-emtop","10":"pa_market-ba","11":"pa_market-mk","12":"pa_market-rs","13":"pa_rezervoar-30-l","14":"pa_snaga-motora-1400-w","16":"first","17":"instock","18":"sale","19":"taxable","20":"shipping-taxable","21":"purchasable","22":"product-type-simple"},"acf":[],"seolaxy_ctr_woo_product_custom_meta_description_content":"","_links":{"self":[{"href":"https:\/\/www.sinpeks.com\/rs\/wp-json\/wp\/v2\/product\/23447","targetHints":{"allow":["GET"]}}],"collection":[{"href":"https:\/\/www.sinpeks.com\/rs\/wp-json\/wp\/v2\/product"}],"about":[{"href":"https:\/\/www.sinpeks.com\/rs\/wp-json\/wp\/v2\/types\/product"}],"replies":[{"embeddable":true,"href":"https:\/\/www.sinpeks.com\/rs\/wp-json\/wp\/v2\/comments?post=23447"}],"wp:featuredmedia":[{"embeddable":true,"href":"https:\/\/www.sinpeks.com\/rs\/wp-json\/wp\/v2\/media\/23448"}],"wp:attachment":[{"href":"https:\/\/www.sinpeks.com\/rs\/wp-json\/wp\/v2\/media?parent=23447"}],"wp:term":[{"taxonomy":"product_cat","embeddable":true,"href":"https:\/\/www.sinpeks.com\/rs\/wp-json\/wp\/v2\/product_cat?post=23447"},{"taxonomy":"product_tag","embeddable":true,"href":"https:\/\/www.sinpeks.com\/rs\/wp-json\/wp\/v2\/product_tag?post=23447"}],"curies":[{"name":"wp","href":"https:\/\/api.w.org\/{rel}","templated":true}]}}