{"id":23371,"date":"2026-01-21T09:51:32","date_gmt":"2026-01-21T09:51:32","guid":{"rendered":"https:\/\/www.sinpeks.com\/rs\/?post_type=product&#038;p=23371"},"modified":"2026-04-23T09:40:49","modified_gmt":"2026-04-23T09:40:49","slug":"roto-freza-agrina-2-25m","status":"publish","type":"product","link":"https:\/\/www.sinpeks.com\/rs\/p\/roto-freza-agrina-2-25m\/","title":{"rendered":"Roto freza Agrina 2.25m"},"content":{"rendered":"<p>Roto freza za obradu zemlje Agrina, radne \u0161irine 2250 mm i radne dubine 280mm. Dimenzija no\u017eeva: du\u017eina 285mm; debljina 12mm. Broj no\u017eeva 18. Minimalna potrebna snaga traktora za rad sa ovom roto frezom iznosi 75-90ks.<\/p>\n","protected":false},"excerpt":{"rendered":"<p>Roto freza za obradu zemlje Agrina, radne \u0161irine 2250 mm i radne dubine 280mm. Dimenzija no\u017eeva: du\u017eina 285mm; debljina 12mm. Broj no\u017eeva 18. Minimalna potrebna snaga traktora za rad sa ovom roto frezom iznosi 75-90ks.<\/p>\n","protected":false},"featured_media":15869,"comment_status":"open","ping_status":"closed","template":"","meta":{"_acf_changed":false},"product_cat":[78],"product_tag":[],"class_list":{"0":"post-23371","1":"product","2":"type-product","3":"status-publish","4":"has-post-thumbnail","6":"product_cat-freze","7":"product_shipping_class-ostale-kategorije-makedonija","8":"pa_b-agrina","9":"pa_market-ba","10":"pa_market-mk","11":"pa_market-rs","12":"pa_min-snaga-traktora-75-90-ks","13":"pa_radna-dubina-28-cm","14":"pa_radna-sirina-225cm","16":"first","17":"instock","18":"sale","19":"taxable","20":"shipping-taxable","21":"purchasable","22":"product-type-simple"},"acf":[],"seolaxy_ctr_woo_product_custom_meta_description_content":"","_links":{"self":[{"href":"https:\/\/www.sinpeks.com\/rs\/wp-json\/wp\/v2\/product\/23371","targetHints":{"allow":["GET"]}}],"collection":[{"href":"https:\/\/www.sinpeks.com\/rs\/wp-json\/wp\/v2\/product"}],"about":[{"href":"https:\/\/www.sinpeks.com\/rs\/wp-json\/wp\/v2\/types\/product"}],"replies":[{"embeddable":true,"href":"https:\/\/www.sinpeks.com\/rs\/wp-json\/wp\/v2\/comments?post=23371"}],"wp:featuredmedia":[{"embeddable":true,"href":"https:\/\/www.sinpeks.com\/rs\/wp-json\/wp\/v2\/media\/15869"}],"wp:attachment":[{"href":"https:\/\/www.sinpeks.com\/rs\/wp-json\/wp\/v2\/media?parent=23371"}],"wp:term":[{"taxonomy":"product_cat","embeddable":true,"href":"https:\/\/www.sinpeks.com\/rs\/wp-json\/wp\/v2\/product_cat?post=23371"},{"taxonomy":"product_tag","embeddable":true,"href":"https:\/\/www.sinpeks.com\/rs\/wp-json\/wp\/v2\/product_tag?post=23371"}],"curies":[{"name":"wp","href":"https:\/\/api.w.org\/{rel}","templated":true}]}}