{"id":23332,"date":"2026-01-14T13:26:03","date_gmt":"2026-01-14T13:26:03","guid":{"rendered":"https:\/\/www.sinpeks.com\/rs\/?post_type=product&#038;p=23332"},"modified":"2026-04-23T09:40:48","modified_gmt":"2026-04-23T09:40:48","slug":"agregat-9000-eggrd9011-emtop","status":"publish","type":"product","link":"https:\/\/www.sinpeks.com\/rs\/p\/agregat-9000-eggrd9011-emtop\/","title":{"rendered":"Agregat  9000 EGGRD9011 Emtop"},"content":{"rendered":"<p>Monofazni benzinski agregat EGGRD9011 Emtop snage 9 kW, 4-taktnim OHV motorom, vazdu\u0161nim hla\u0111enjem i bakarnim namotajem. Ima elektri\u010dni start i opremljen je ergonomskom centralnom ru\u010dkom i to\u010dkovima za lak\u0161i transport.<\/p>\n","protected":false},"excerpt":{"rendered":"<p>Monofazni benzinski agregat EGGRD9011 Emtop snage 9 kW, 4-taktnim OHV motorom, vazdu\u0161nim hla\u0111enjem i bakarnim namotajem. Ima elektri\u010dni start i opremljen je ergonomskom centralnom ru\u010dkom i to\u010dkovima za lak\u0161i transport.<\/p>\n","protected":false},"featured_media":23335,"comment_status":"closed","ping_status":"closed","template":"","meta":{"_acf_changed":false},"product_cat":[215,5293],"product_tag":[],"class_list":{"0":"post-23332","1":"product","2":"type-product","3":"status-publish","4":"has-post-thumbnail","6":"product_cat-agregati-za-struju","7":"product_cat-emtop-akcija","8":"product_shipping_class-alati-masine-makedonija","9":"pa_b-emtop","10":"pa_gorivo-benzin","11":"pa_kapacitet-rezervoara-25-l","12":"pa_market-ba","13":"pa_market-mk","14":"pa_market-rs","15":"pa_napon-220-240v50hz-monofazni","16":"pa_nominalna-snaga-7-5-kw","17":"pa_sistem-paljenja-elektricni-na-trzaj","19":"first","20":"instock","21":"sale","22":"taxable","23":"shipping-taxable","24":"purchasable","25":"product-type-simple"},"acf":[],"seolaxy_ctr_woo_product_custom_meta_description_content":"","_links":{"self":[{"href":"https:\/\/www.sinpeks.com\/rs\/wp-json\/wp\/v2\/product\/23332","targetHints":{"allow":["GET"]}}],"collection":[{"href":"https:\/\/www.sinpeks.com\/rs\/wp-json\/wp\/v2\/product"}],"about":[{"href":"https:\/\/www.sinpeks.com\/rs\/wp-json\/wp\/v2\/types\/product"}],"replies":[{"embeddable":true,"href":"https:\/\/www.sinpeks.com\/rs\/wp-json\/wp\/v2\/comments?post=23332"}],"wp:featuredmedia":[{"embeddable":true,"href":"https:\/\/www.sinpeks.com\/rs\/wp-json\/wp\/v2\/media\/23335"}],"wp:attachment":[{"href":"https:\/\/www.sinpeks.com\/rs\/wp-json\/wp\/v2\/media?parent=23332"}],"wp:term":[{"taxonomy":"product_cat","embeddable":true,"href":"https:\/\/www.sinpeks.com\/rs\/wp-json\/wp\/v2\/product_cat?post=23332"},{"taxonomy":"product_tag","embeddable":true,"href":"https:\/\/www.sinpeks.com\/rs\/wp-json\/wp\/v2\/product_tag?post=23332"}],"curies":[{"name":"wp","href":"https:\/\/api.w.org\/{rel}","templated":true}]}}