{"id":23136,"date":"2025-12-15T14:31:34","date_gmt":"2025-12-15T14:31:34","guid":{"rendered":"https:\/\/www.sinpeks.com\/rs\/?post_type=product&#038;p=23136"},"modified":"2026-04-28T12:27:05","modified_gmt":"2026-04-28T12:27:05","slug":"dizel-agregat-agrina-dg10000e3-monotrofazni-otvoreni","status":"publish","type":"product","link":"https:\/\/www.sinpeks.com\/rs\/p\/dizel-agregat-agrina-dg10000e3-monotrofazni-otvoreni\/","title":{"rendered":"Dizel agregat Agrina DG10000E3 mono+trofazni otvoreni"},"content":{"rendered":"<p>Dizel agregat za proizvodnju elektri\u010dne energije Agrina monofazni + trofazni, sa \u010detvorotaktnim motorom sa vazdu\u0161nim hla\u0111enjem, direktnim ubrizgavanjem i elektri\u010dnim startovanjem. Jedinica je opremljena to\u010dkovima i lako je prenosiva za rad na terenu.<\/p>\n","protected":false},"excerpt":{"rendered":"<p>Dizel agregat za proizvodnju elektri\u010dne energije Agrina monofazni + trofazni, sa \u010detvorotaktnim motorom sa vazdu\u0161nim hla\u0111enjem, direktnim ubrizgavanjem i elektri\u010dnim startovanjem. Jedinica je opremljena to\u010dkovima i lako je prenosiva za rad na terenu.<\/p>\n","protected":false},"featured_media":23138,"comment_status":"closed","ping_status":"closed","template":"","meta":{"_acf_changed":false},"product_cat":[215,31],"product_tag":[],"class_list":{"0":"post-23136","1":"product","2":"type-product","3":"status-publish","4":"has-post-thumbnail","6":"product_cat-agregati-za-struju","7":"product_cat-uncategorized","8":"product_shipping_class-alati-masine-makedonija","9":"pa_b-agrina","10":"pa_gorivo-dizel","11":"pa_kapacitet-rezervoara-gorivo-ulje-30-165-l","12":"pa_market-ba","13":"pa_market-mk","14":"pa_market-rs","15":"pa_napon-220-380-v-50hz","16":"pa_nominalna-snaga-65-kw","17":"pa_sistem-paljenja-elektricni-na-trzaj","19":"first","20":"instock","21":"sale","22":"taxable","23":"shipping-taxable","24":"purchasable","25":"product-type-simple"},"acf":[],"seolaxy_ctr_woo_product_custom_meta_description_content":"","_links":{"self":[{"href":"https:\/\/www.sinpeks.com\/rs\/wp-json\/wp\/v2\/product\/23136","targetHints":{"allow":["GET"]}}],"collection":[{"href":"https:\/\/www.sinpeks.com\/rs\/wp-json\/wp\/v2\/product"}],"about":[{"href":"https:\/\/www.sinpeks.com\/rs\/wp-json\/wp\/v2\/types\/product"}],"replies":[{"embeddable":true,"href":"https:\/\/www.sinpeks.com\/rs\/wp-json\/wp\/v2\/comments?post=23136"}],"wp:featuredmedia":[{"embeddable":true,"href":"https:\/\/www.sinpeks.com\/rs\/wp-json\/wp\/v2\/media\/23138"}],"wp:attachment":[{"href":"https:\/\/www.sinpeks.com\/rs\/wp-json\/wp\/v2\/media?parent=23136"}],"wp:term":[{"taxonomy":"product_cat","embeddable":true,"href":"https:\/\/www.sinpeks.com\/rs\/wp-json\/wp\/v2\/product_cat?post=23136"},{"taxonomy":"product_tag","embeddable":true,"href":"https:\/\/www.sinpeks.com\/rs\/wp-json\/wp\/v2\/product_tag?post=23136"}],"curies":[{"name":"wp","href":"https:\/\/api.w.org\/{rel}","templated":true}]}}