{"id":23132,"date":"2025-12-15T10:44:31","date_gmt":"2025-12-15T10:44:31","guid":{"rendered":"https:\/\/www.sinpeks.com\/rs\/?post_type=product&#038;p=23132"},"modified":"2026-04-29T08:00:52","modified_gmt":"2026-04-29T08:00:52","slug":"dizel-agregat-agrina-dg6000e3-monotrofazni-otvoren","status":"publish","type":"product","link":"https:\/\/www.sinpeks.com\/rs\/p\/dizel-agregat-agrina-dg6000e3-monotrofazni-otvoren\/","title":{"rendered":"Dizel agregat Agrina DG6000E3 mono+trofazni otvoren"},"content":{"rendered":"<p>Dizel agregat za proizvodnju elektri\u010dne energije Agrina monofazni + trofazni, sa \u010detvorotaktnim motorom sa vazdu\u0161nim hla\u0111enjem, direktnim ubrizgavanjem i elektri\u010dnim startovanjem. \u041epremljen je to\u010dkovima, lako se transportira i je pogodan za rad na terenu.<\/p>\n","protected":false},"excerpt":{"rendered":"<p>Dizel agregat za proizvodnju elektri\u010dne energije Agrina monofazni + trofazni, sa \u010detvorotaktnim motorom sa vazdu\u0161nim hla\u0111enjem, direktnim ubrizgavanjem i elektri\u010dnim startovanjem. \u041epremljen je to\u010dkovima, lako se transportira i je pogodan za rad na terenu.<\/p>\n","protected":false},"featured_media":23133,"comment_status":"closed","ping_status":"closed","template":"","meta":{"_acf_changed":false},"product_cat":[215],"product_tag":[],"class_list":{"0":"post-23132","1":"product","2":"type-product","3":"status-publish","4":"has-post-thumbnail","6":"product_cat-agregati-za-struju","7":"product_shipping_class-alati-masine-srbija","8":"pa_b-agrina","9":"pa_gorivo-dizel","10":"pa_kapacitet-rezervoara-gorivo-ulje-125-165-l","11":"pa_market-ba","12":"pa_market-mk","13":"pa_market-rs","14":"pa_napon-220-380-v-50hz","15":"pa_nominalna-snaga-46-kw","16":"pa_sistem-paljenja-elektricni-na-trzaj","18":"first","19":"instock","20":"sale","21":"taxable","22":"shipping-taxable","23":"purchasable","24":"product-type-simple"},"acf":[],"seolaxy_ctr_woo_product_custom_meta_description_content":"","_links":{"self":[{"href":"https:\/\/www.sinpeks.com\/rs\/wp-json\/wp\/v2\/product\/23132","targetHints":{"allow":["GET"]}}],"collection":[{"href":"https:\/\/www.sinpeks.com\/rs\/wp-json\/wp\/v2\/product"}],"about":[{"href":"https:\/\/www.sinpeks.com\/rs\/wp-json\/wp\/v2\/types\/product"}],"replies":[{"embeddable":true,"href":"https:\/\/www.sinpeks.com\/rs\/wp-json\/wp\/v2\/comments?post=23132"}],"wp:featuredmedia":[{"embeddable":true,"href":"https:\/\/www.sinpeks.com\/rs\/wp-json\/wp\/v2\/media\/23133"}],"wp:attachment":[{"href":"https:\/\/www.sinpeks.com\/rs\/wp-json\/wp\/v2\/media?parent=23132"}],"wp:term":[{"taxonomy":"product_cat","embeddable":true,"href":"https:\/\/www.sinpeks.com\/rs\/wp-json\/wp\/v2\/product_cat?post=23132"},{"taxonomy":"product_tag","embeddable":true,"href":"https:\/\/www.sinpeks.com\/rs\/wp-json\/wp\/v2\/product_tag?post=23132"}],"curies":[{"name":"wp","href":"https:\/\/api.w.org\/{rel}","templated":true}]}}