{"id":23111,"date":"2025-12-04T13:55:12","date_gmt":"2025-12-04T13:55:12","guid":{"rendered":"https:\/\/www.sinpeks.com\/rs\/?post_type=product&#038;p=23111"},"modified":"2026-05-11T10:21:23","modified_gmt":"2026-05-11T10:21:23","slug":"komplet-kompresora-od-5-komada-eatls0503-emtop","status":"publish","type":"product","link":"https:\/\/www.sinpeks.com\/rs\/p\/komplet-kompresora-od-5-komada-eatls0503-emtop\/","title":{"rendered":"Komplet za kompresor od 5 komada EATLS0503 Emtop"},"content":{"rendered":"<p>Set od 5 dodataka za kompresor Emtop EATLS0503. Set sadr\u017ei crevo, pi\u0161tolj za pumpanje, pi\u0161tolj za duvanje, pi\u0161tolj za peskarenje i pi\u0161tolj za farbanje.<\/p>\n","protected":false},"excerpt":{"rendered":"<p>Set od 5 dodataka za kompresor Emtop EATLS0503. Set sadr\u017ei crevo, pi\u0161tolj za pumpanje, pi\u0161tolj za duvanje, pi\u0161tolj za peskarenje i pi\u0161tolj za farbanje.<\/p>\n","protected":false},"featured_media":23112,"comment_status":"closed","ping_status":"closed","template":"","meta":{"_acf_changed":false},"product_cat":[5293,216],"product_tag":[],"class_list":{"0":"post-23111","1":"product","2":"type-product","3":"status-publish","4":"has-post-thumbnail","6":"product_cat-emtop-akcija","7":"product_cat-kompresori-za-vazduh","8":"product_shipping_class-alati-masine-srbija","9":"pa_b-emtop","10":"pa_market-ba","11":"pa_market-mk","12":"pa_market-rs","14":"first","15":"instock","16":"sale","17":"taxable","18":"shipping-taxable","19":"purchasable","20":"product-type-simple"},"acf":[],"seolaxy_ctr_woo_product_custom_meta_description_content":"","_links":{"self":[{"href":"https:\/\/www.sinpeks.com\/rs\/wp-json\/wp\/v2\/product\/23111","targetHints":{"allow":["GET"]}}],"collection":[{"href":"https:\/\/www.sinpeks.com\/rs\/wp-json\/wp\/v2\/product"}],"about":[{"href":"https:\/\/www.sinpeks.com\/rs\/wp-json\/wp\/v2\/types\/product"}],"replies":[{"embeddable":true,"href":"https:\/\/www.sinpeks.com\/rs\/wp-json\/wp\/v2\/comments?post=23111"}],"wp:featuredmedia":[{"embeddable":true,"href":"https:\/\/www.sinpeks.com\/rs\/wp-json\/wp\/v2\/media\/23112"}],"wp:attachment":[{"href":"https:\/\/www.sinpeks.com\/rs\/wp-json\/wp\/v2\/media?parent=23111"}],"wp:term":[{"taxonomy":"product_cat","embeddable":true,"href":"https:\/\/www.sinpeks.com\/rs\/wp-json\/wp\/v2\/product_cat?post=23111"},{"taxonomy":"product_tag","embeddable":true,"href":"https:\/\/www.sinpeks.com\/rs\/wp-json\/wp\/v2\/product_tag?post=23111"}],"curies":[{"name":"wp","href":"https:\/\/api.w.org\/{rel}","templated":true}]}}