{"id":23095,"date":"2025-12-04T10:29:05","date_gmt":"2025-12-04T10:29:05","guid":{"rendered":"https:\/\/www.sinpeks.com\/rs\/p\/mesalica-za-stocnu-hranu-vucena-25-m3\/"},"modified":"2026-04-23T09:42:30","modified_gmt":"2026-04-23T09:42:30","slug":"mesalica-za-stocnu-hranu-vucena-25-m3","status":"publish","type":"product","link":"https:\/\/www.sinpeks.com\/rs\/p\/mesalica-za-stocnu-hranu-vucena-25-m3\/","title":{"rendered":"Me\u0161alica za sto\u010dnu hranu Burkon -vu\u010dena 2,5 m3"},"content":{"rendered":"<p>Me\u0161alica za sto\u010dnu hranu od 2,5 m\u00b3 je profesionalna ma\u0161ina dizajnirana za ubrzavanje i optimizaciju procesa pripreme hrane za srednje i velike farme. Njen izdr\u017eljiv dizajn i veliki kapacitet \u0161tede vrijeme i rad tokom pripreme hrane, pove\u0107avaju\u0107i efikasnost farme. Razvijena posebno da najbolje zadovolji nutritivne potrebe stoke, ova ma\u0161ina homogeno priprema smjese hrane i pru\u017ea vrhunske performanse na farmama.<br \/>\n* Slika je reprezentativnog karaktera<\/p>\n","protected":false},"excerpt":{"rendered":"<p>Me\u0161alica za sto\u010dnu hranu od 2,5 m\u00b3 je profesionalna ma\u0161ina dizajnirana za ubrzavanje i optimizaciju procesa pripreme hrane za srednje i velike farme. Njen izdr\u017eljiv dizajn i veliki kapacitet \u0161tede vrijeme i rad tokom pripreme hrane, pove\u0107avaju\u0107i efikasnost farme. Razvijena posebno da najbolje zadovolji nutritivne potrebe stoke, ova ma\u0161ina homogeno priprema smjese hrane i pru\u017ea [&hellip;]<\/p>\n","protected":false},"featured_media":23098,"comment_status":"open","ping_status":"closed","template":"","meta":{"_acf_changed":false},"product_cat":[5275],"product_tag":[],"class_list":{"0":"post-23095","1":"product","2":"type-product","3":"status-publish","4":"has-post-thumbnail","6":"product_cat-mikserice","7":"product_shipping_class-ostale-kategorije-makedonija","8":"pa_b-burkon","9":"pa_market-ba","10":"pa_market-mk","11":"pa_market-rs","13":"first","14":"instock","15":"sale","16":"taxable","17":"shipping-taxable","18":"purchasable","19":"product-type-simple"},"acf":[],"seolaxy_ctr_woo_product_custom_meta_description_content":"","_links":{"self":[{"href":"https:\/\/www.sinpeks.com\/rs\/wp-json\/wp\/v2\/product\/23095","targetHints":{"allow":["GET"]}}],"collection":[{"href":"https:\/\/www.sinpeks.com\/rs\/wp-json\/wp\/v2\/product"}],"about":[{"href":"https:\/\/www.sinpeks.com\/rs\/wp-json\/wp\/v2\/types\/product"}],"replies":[{"embeddable":true,"href":"https:\/\/www.sinpeks.com\/rs\/wp-json\/wp\/v2\/comments?post=23095"}],"wp:featuredmedia":[{"embeddable":true,"href":"https:\/\/www.sinpeks.com\/rs\/wp-json\/wp\/v2\/media\/23098"}],"wp:attachment":[{"href":"https:\/\/www.sinpeks.com\/rs\/wp-json\/wp\/v2\/media?parent=23095"}],"wp:term":[{"taxonomy":"product_cat","embeddable":true,"href":"https:\/\/www.sinpeks.com\/rs\/wp-json\/wp\/v2\/product_cat?post=23095"},{"taxonomy":"product_tag","embeddable":true,"href":"https:\/\/www.sinpeks.com\/rs\/wp-json\/wp\/v2\/product_tag?post=23095"}],"curies":[{"name":"wp","href":"https:\/\/api.w.org\/{rel}","templated":true}]}}