{"id":23094,"date":"2025-12-04T10:29:05","date_gmt":"2025-12-04T10:29:05","guid":{"rendered":"https:\/\/www.sinpeks.com\/rs\/p\/mesalica-za-stocnu-hranu-burkon-6m3-vucena\/"},"modified":"2026-04-23T09:38:41","modified_gmt":"2026-04-23T09:38:41","slug":"mesalica-za-stocnu-hranu-burkon-6m3-vucena","status":"publish","type":"product","link":"https:\/\/www.sinpeks.com\/rs\/p\/mesalica-za-stocnu-hranu-burkon-6m3-vucena\/","title":{"rendered":"Me\u0161alica za sto\u010dnu hranu Burkon 6m3-vu\u010dena"},"content":{"rendered":"<p>Vu\u010dena me\u0161alica za hranu od 6 m\u00b3 je ma\u0161ina velikog kapaciteta dizajnirana da pojednostavi procese pripreme hrane i povec\u0301a efikasnost sto\u010darskih farmi. Dizajnirana da zadovolji potrebe me\u0161anja hrane velikih i srednjih farmi, ova ma\u0161ina se isti\u010de svojim robusnom konstrukcijom. Njen veliki kapacitet brzo zadovoljava potrebe za hranom velikih stada, \u0161tedec\u0301i rad i vreme. * Slika je reprezentativnog karaktera.<\/p>\n","protected":false},"excerpt":{"rendered":"<p>Vu\u010dena me\u0161alica za hranu od 6 m\u00b3 je ma\u0161ina velikog kapaciteta dizajnirana da pojednostavi procese pripreme hrane i povec\u0301a efikasnost sto\u010darskih farmi. Dizajnirana da zadovolji potrebe me\u0161anja hrane velikih i srednjih farmi, ova ma\u0161ina se isti\u010de svojim robusnom konstrukcijom. Njen veliki kapacitet brzo zadovoljava potrebe za hranom velikih stada, \u0161tedec\u0301i rad i vreme. * Slika [&hellip;]<\/p>\n","protected":false},"featured_media":23109,"comment_status":"open","ping_status":"closed","template":"","meta":{"_acf_changed":false},"product_cat":[5275],"product_tag":[],"class_list":{"0":"post-23094","1":"product","2":"type-product","3":"status-publish","4":"has-post-thumbnail","6":"product_cat-mikserice","7":"product_shipping_class-ostale-kategorije-makedonija","8":"pa_b-burkon","9":"pa_market-ba","10":"pa_market-mk","11":"pa_market-rs","13":"first","14":"instock","15":"sale","16":"taxable","17":"shipping-taxable","18":"purchasable","19":"product-type-simple"},"acf":[],"seolaxy_ctr_woo_product_custom_meta_description_content":"","_links":{"self":[{"href":"https:\/\/www.sinpeks.com\/rs\/wp-json\/wp\/v2\/product\/23094","targetHints":{"allow":["GET"]}}],"collection":[{"href":"https:\/\/www.sinpeks.com\/rs\/wp-json\/wp\/v2\/product"}],"about":[{"href":"https:\/\/www.sinpeks.com\/rs\/wp-json\/wp\/v2\/types\/product"}],"replies":[{"embeddable":true,"href":"https:\/\/www.sinpeks.com\/rs\/wp-json\/wp\/v2\/comments?post=23094"}],"wp:featuredmedia":[{"embeddable":true,"href":"https:\/\/www.sinpeks.com\/rs\/wp-json\/wp\/v2\/media\/23109"}],"wp:attachment":[{"href":"https:\/\/www.sinpeks.com\/rs\/wp-json\/wp\/v2\/media?parent=23094"}],"wp:term":[{"taxonomy":"product_cat","embeddable":true,"href":"https:\/\/www.sinpeks.com\/rs\/wp-json\/wp\/v2\/product_cat?post=23094"},{"taxonomy":"product_tag","embeddable":true,"href":"https:\/\/www.sinpeks.com\/rs\/wp-json\/wp\/v2\/product_tag?post=23094"}],"curies":[{"name":"wp","href":"https:\/\/api.w.org\/{rel}","templated":true}]}}