{"id":23092,"date":"2025-12-04T10:29:05","date_gmt":"2025-12-04T10:29:05","guid":{"rendered":"https:\/\/www.sinpeks.com\/rs\/p\/mesalica-za-stocnu-hranu-vucena-5-m3\/"},"modified":"2026-03-31T12:02:12","modified_gmt":"2026-03-31T12:02:12","slug":"mesalica-za-stocnu-hranu-vucena-5-m3","status":"publish","type":"product","link":"https:\/\/www.sinpeks.com\/rs\/p\/mesalica-za-stocnu-hranu-vucena-5-m3\/","title":{"rendered":"Me\u0161alica za sto\u010dnu hranu Burkon -vu\u010dena 5 m3"},"content":{"rendered":"<p>Vu\u010dena me\u0161alica za sto\u010dnu hranu od 5 m\u00b3 je visokokapacitetno, izdr\u017eljivo rje\u0161enje za pripremu hrane, posebno dizajnirano za velike sto\u010darske farme. Njen veliki kapacitet i sna\u017ean motor pove\u0107avaju produktivnost i olak\u0161avaju radno optere\u0107enje na velikim i srednjim farmama. Ova ma\u0161ina omogu\u0107ava brzo i homogeno mije\u0161anje sto\u010dne hrane, \u0161tede\u0107i vrijeme i rad u upravljanju farmom. Njena robusna konstrukcija i opcionalne karakteristike tako\u0111er pru\u017eaju rje\u0161enje jednostavno za kori\u0161tenje.<br \/>\n* Slika je reprezentativnog karaktera.<\/p>\n","protected":false},"excerpt":{"rendered":"<p>Vu\u010dena me\u0161alica za sto\u010dnu hranu od 5 m\u00b3 je visokokapacitetno, izdr\u017eljivo rje\u0161enje za pripremu hrane, posebno dizajnirano za velike sto\u010darske farme. Njen veliki kapacitet i sna\u017ean motor pove\u0107avaju produktivnost i olak\u0161avaju radno optere\u0107enje na velikim i srednjim farmama. Ova ma\u0161ina omogu\u0107ava brzo i homogeno mije\u0161anje sto\u010dne hrane, \u0161tede\u0107i vrijeme i rad u upravljanju farmom. Njena [&hellip;]<\/p>\n","protected":false},"featured_media":23100,"comment_status":"open","ping_status":"closed","template":"","meta":{"_acf_changed":false},"product_cat":[5275],"product_tag":[],"class_list":{"0":"post-23092","1":"product","2":"type-product","3":"status-publish","4":"has-post-thumbnail","6":"product_cat-mikserice","7":"product_shipping_class-ostale-kategorije-makedonija","8":"pa_b-burkon","9":"pa_market-ba","10":"pa_market-mk","11":"pa_market-rs","13":"first","14":"outofstock","15":"sale","16":"taxable","17":"shipping-taxable","18":"purchasable","19":"product-type-simple"},"acf":[],"seolaxy_ctr_woo_product_custom_meta_description_content":"","_links":{"self":[{"href":"https:\/\/www.sinpeks.com\/rs\/wp-json\/wp\/v2\/product\/23092","targetHints":{"allow":["GET"]}}],"collection":[{"href":"https:\/\/www.sinpeks.com\/rs\/wp-json\/wp\/v2\/product"}],"about":[{"href":"https:\/\/www.sinpeks.com\/rs\/wp-json\/wp\/v2\/types\/product"}],"replies":[{"embeddable":true,"href":"https:\/\/www.sinpeks.com\/rs\/wp-json\/wp\/v2\/comments?post=23092"}],"wp:featuredmedia":[{"embeddable":true,"href":"https:\/\/www.sinpeks.com\/rs\/wp-json\/wp\/v2\/media\/23100"}],"wp:attachment":[{"href":"https:\/\/www.sinpeks.com\/rs\/wp-json\/wp\/v2\/media?parent=23092"}],"wp:term":[{"taxonomy":"product_cat","embeddable":true,"href":"https:\/\/www.sinpeks.com\/rs\/wp-json\/wp\/v2\/product_cat?post=23092"},{"taxonomy":"product_tag","embeddable":true,"href":"https:\/\/www.sinpeks.com\/rs\/wp-json\/wp\/v2\/product_tag?post=23092"}],"curies":[{"name":"wp","href":"https:\/\/api.w.org\/{rel}","templated":true}]}}