{"id":23091,"date":"2025-12-04T10:29:04","date_gmt":"2025-12-04T10:29:04","guid":{"rendered":"https:\/\/www.sinpeks.com\/rs\/p\/mesalica-za-stocnu-hranu-1-m3\/"},"modified":"2026-04-17T09:54:31","modified_gmt":"2026-04-17T09:54:31","slug":"mesalica-za-stocnu-hranu-1-m3","status":"publish","type":"product","link":"https:\/\/www.sinpeks.com\/rs\/p\/mesalica-za-stocnu-hranu-1-m3\/","title":{"rendered":"Me\u0161alica za sto\u010dnu hranu, sa el. motorom &#8211; 1 m3"},"content":{"rendered":"<p>Dizajnirana za mala i srednja preduze\u0107a, ova me\u0161alica za hranu od 1 m\u00b3 nudi efikasne performanse \u010dak i u sku\u010denim prostorima zahvaljuju\u0107i svom kompaktnom dizajnu. Ova ma\u0161ina ima kapacitet da zadovolji dnevne potrebe za hranom za pribli\u017eno 10-15 grla goveda ili 80-120 grla male goveda. Njen elektri\u010dni motor od 4 KS i osam no\u017eeva za rezanje brzo homogeniziraju hranu. Izdr\u017eljiva konstrukcija ma\u0161ine osigurava dugotrajnu upotrebu.<\/p>\n","protected":false},"excerpt":{"rendered":"<p>Dizajnirana za mala i srednja preduze\u0107a, ova me\u0161alica za hranu od 1 m\u00b3 nudi efikasne performanse \u010dak i u sku\u010denim prostorima zahvaljuju\u0107i svom kompaktnom dizajnu. Ova ma\u0161ina ima kapacitet da zadovolji dnevne potrebe za hranom za pribli\u017eno 10-15 grla goveda ili 80-120 grla male goveda. Njen elektri\u010dni motor od 4 KS i osam no\u017eeva za [&hellip;]<\/p>\n","protected":false},"featured_media":23106,"comment_status":"open","ping_status":"closed","template":"","meta":{"_acf_changed":false},"product_cat":[5275],"product_tag":[],"class_list":{"0":"post-23091","1":"product","2":"type-product","3":"status-publish","4":"has-post-thumbnail","6":"product_cat-mikserice","7":"product_shipping_class-ostale-kategorije-makedonija","8":"pa_b-burkon","9":"pa_market-ba","10":"pa_market-mk","11":"pa_market-rs","12":"pa_snaga-motora-4-ks","14":"first","15":"outofstock","16":"sale","17":"taxable","18":"shipping-taxable","19":"purchasable","20":"product-type-simple"},"acf":[],"seolaxy_ctr_woo_product_custom_meta_description_content":"","_links":{"self":[{"href":"https:\/\/www.sinpeks.com\/rs\/wp-json\/wp\/v2\/product\/23091","targetHints":{"allow":["GET"]}}],"collection":[{"href":"https:\/\/www.sinpeks.com\/rs\/wp-json\/wp\/v2\/product"}],"about":[{"href":"https:\/\/www.sinpeks.com\/rs\/wp-json\/wp\/v2\/types\/product"}],"replies":[{"embeddable":true,"href":"https:\/\/www.sinpeks.com\/rs\/wp-json\/wp\/v2\/comments?post=23091"}],"wp:featuredmedia":[{"embeddable":true,"href":"https:\/\/www.sinpeks.com\/rs\/wp-json\/wp\/v2\/media\/23106"}],"wp:attachment":[{"href":"https:\/\/www.sinpeks.com\/rs\/wp-json\/wp\/v2\/media?parent=23091"}],"wp:term":[{"taxonomy":"product_cat","embeddable":true,"href":"https:\/\/www.sinpeks.com\/rs\/wp-json\/wp\/v2\/product_cat?post=23091"},{"taxonomy":"product_tag","embeddable":true,"href":"https:\/\/www.sinpeks.com\/rs\/wp-json\/wp\/v2\/product_tag?post=23091"}],"curies":[{"name":"wp","href":"https:\/\/api.w.org\/{rel}","templated":true}]}}