{"id":23090,"date":"2025-12-04T10:29:04","date_gmt":"2025-12-04T10:29:04","guid":{"rendered":"https:\/\/www.sinpeks.com\/rs\/p\/mesalica-za-stocnu-hranu-vucena-3-m3\/"},"modified":"2026-01-13T11:57:39","modified_gmt":"2026-01-13T11:57:39","slug":"mesalica-za-stocnu-hranu-vucena-3-m3","status":"publish","type":"product","link":"https:\/\/www.sinpeks.com\/rs\/p\/mesalica-za-stocnu-hranu-vucena-3-m3\/","title":{"rendered":"Me\u0161alica za sto\u010dnu hranu-vu\u010dena 3 m3"},"content":{"rendered":"<p>Vu\u010dena me\u0161alica za hranu od 3 m\u00b3 je visokou\u010dinkovita oprema dizajnirana za velike sto\u010darske farme, optimiziraju\u0107i procese pripreme hrane. Svojim velikim kapacitetom,\u00a0 izdr\u017eljivom konstrukcijom, ova ma\u0161ina se isti\u010de, pove\u0107avaju\u0107i produktivnost na velikim sto\u010darskim farmama, \u0161tede\u0107i rad i vrijeme. Pogodna i za male i za velike farme, ova ma\u0161ina nudi jednostavnu prenosivost i jednostavnost kori\u0161tenja.<\/p>\n","protected":false},"excerpt":{"rendered":"<p>Vu\u010dena me\u0161alica za hranu od 3 m\u00b3 je visokou\u010dinkovita oprema dizajnirana za velike sto\u010darske farme, optimiziraju\u0107i procese pripreme hrane. Svojim velikim kapacitetom,\u00a0 izdr\u017eljivom konstrukcijom, ova ma\u0161ina se isti\u010de, pove\u0107avaju\u0107i produktivnost na velikim sto\u010darskim farmama, \u0161tede\u0107i rad i vrijeme. Pogodna i za male i za velike farme, ova ma\u0161ina nudi jednostavnu prenosivost i jednostavnost kori\u0161tenja.<\/p>\n","protected":false},"featured_media":23104,"comment_status":"open","ping_status":"closed","template":"","meta":{"_acf_changed":false},"product_cat":[5275],"product_tag":[],"class_list":{"0":"post-23090","1":"product","2":"type-product","3":"status-publish","4":"has-post-thumbnail","6":"product_cat-mikserice","7":"product_shipping_class-ostale-kategorije-makedonija","8":"pa_b-burkon","9":"pa_market-ba","10":"pa_market-mk","11":"pa_market-rs","12":"pa_snaga-motora-15-ks","14":"first","15":"outofstock","16":"taxable","17":"shipping-taxable","18":"purchasable","19":"product-type-simple"},"acf":[],"seolaxy_ctr_woo_product_custom_meta_description_content":"","_links":{"self":[{"href":"https:\/\/www.sinpeks.com\/rs\/wp-json\/wp\/v2\/product\/23090","targetHints":{"allow":["GET"]}}],"collection":[{"href":"https:\/\/www.sinpeks.com\/rs\/wp-json\/wp\/v2\/product"}],"about":[{"href":"https:\/\/www.sinpeks.com\/rs\/wp-json\/wp\/v2\/types\/product"}],"replies":[{"embeddable":true,"href":"https:\/\/www.sinpeks.com\/rs\/wp-json\/wp\/v2\/comments?post=23090"}],"wp:featuredmedia":[{"embeddable":true,"href":"https:\/\/www.sinpeks.com\/rs\/wp-json\/wp\/v2\/media\/23104"}],"wp:attachment":[{"href":"https:\/\/www.sinpeks.com\/rs\/wp-json\/wp\/v2\/media?parent=23090"}],"wp:term":[{"taxonomy":"product_cat","embeddable":true,"href":"https:\/\/www.sinpeks.com\/rs\/wp-json\/wp\/v2\/product_cat?post=23090"},{"taxonomy":"product_tag","embeddable":true,"href":"https:\/\/www.sinpeks.com\/rs\/wp-json\/wp\/v2\/product_tag?post=23090"}],"curies":[{"name":"wp","href":"https:\/\/api.w.org\/{rel}","templated":true}]}}