{"id":23089,"date":"2025-12-04T10:29:04","date_gmt":"2025-12-04T10:29:04","guid":{"rendered":"https:\/\/www.sinpeks.com\/rs\/p\/mesalica-za-stocnu-hranu-vucena-4-m3\/"},"modified":"2026-04-17T13:46:08","modified_gmt":"2026-04-17T13:46:08","slug":"mesalica-za-stocnu-hranu-vucena-4-m3","status":"publish","type":"product","link":"https:\/\/www.sinpeks.com\/rs\/p\/mesalica-za-stocnu-hranu-vucena-4-m3\/","title":{"rendered":"Me\u0161alica za sto\u010dnu hranu-vu\u010dena 4 m3"},"content":{"rendered":"<p>Idealno rje\u0161enje za sto\u010darske farme: Vu\u010dena me\u0161alica za hranu od 4 m\u00b3 je visokokapacitetna, izdr\u017eljiva ma\u0161ina dizajnirana za pojednostavljenje procesa pripreme hrane za velike sto\u010darske farme. Idealna za velike i srednje farme, ova ma\u0161ina, sa svojim sna\u017enim motorom i velikim kapacitetom, \u0161tedi rad i vrijeme, pove\u0107avaju\u0107i produktivnost. Osigurava brzo i efikasno zadovoljavanje nutritivnih potreba \u017eivotinja, posebno na intenzivnim farmama.<br \/>\n*Slika je reprezentativnog karaktera.<\/p>\n","protected":false},"excerpt":{"rendered":"<p>Idealno rje\u0161enje za sto\u010darske farme: Vu\u010dena me\u0161alica za hranu od 4 m\u00b3 je visokokapacitetna, izdr\u017eljiva ma\u0161ina dizajnirana za pojednostavljenje procesa pripreme hrane za velike sto\u010darske farme. Idealna za velike i srednje farme, ova ma\u0161ina, sa svojim sna\u017enim motorom i velikim kapacitetom, \u0161tedi rad i vrijeme, pove\u0107avaju\u0107i produktivnost. Osigurava brzo i efikasno zadovoljavanje nutritivnih potreba \u017eivotinja, [&hellip;]<\/p>\n","protected":false},"featured_media":23102,"comment_status":"open","ping_status":"closed","template":"","meta":{"_acf_changed":false},"product_cat":[5275],"product_tag":[],"class_list":{"0":"post-23089","1":"product","2":"type-product","3":"status-publish","4":"has-post-thumbnail","6":"product_cat-mikserice","7":"product_shipping_class-ostale-kategorije-makedonija","8":"pa_b-burkon","9":"pa_market-ba","10":"pa_market-mk","11":"pa_market-rs","13":"first","14":"outofstock","15":"sale","16":"taxable","17":"shipping-taxable","18":"purchasable","19":"product-type-simple"},"acf":[],"seolaxy_ctr_woo_product_custom_meta_description_content":"","_links":{"self":[{"href":"https:\/\/www.sinpeks.com\/rs\/wp-json\/wp\/v2\/product\/23089","targetHints":{"allow":["GET"]}}],"collection":[{"href":"https:\/\/www.sinpeks.com\/rs\/wp-json\/wp\/v2\/product"}],"about":[{"href":"https:\/\/www.sinpeks.com\/rs\/wp-json\/wp\/v2\/types\/product"}],"replies":[{"embeddable":true,"href":"https:\/\/www.sinpeks.com\/rs\/wp-json\/wp\/v2\/comments?post=23089"}],"wp:featuredmedia":[{"embeddable":true,"href":"https:\/\/www.sinpeks.com\/rs\/wp-json\/wp\/v2\/media\/23102"}],"wp:attachment":[{"href":"https:\/\/www.sinpeks.com\/rs\/wp-json\/wp\/v2\/media?parent=23089"}],"wp:term":[{"taxonomy":"product_cat","embeddable":true,"href":"https:\/\/www.sinpeks.com\/rs\/wp-json\/wp\/v2\/product_cat?post=23089"},{"taxonomy":"product_tag","embeddable":true,"href":"https:\/\/www.sinpeks.com\/rs\/wp-json\/wp\/v2\/product_tag?post=23089"}],"curies":[{"name":"wp","href":"https:\/\/api.w.org\/{rel}","templated":true}]}}