{"id":22767,"date":"2025-10-22T09:43:59","date_gmt":"2025-10-22T09:43:59","guid":{"rendered":"https:\/\/www.sinpeks.com\/rs\/?post_type=product&#038;p=22767"},"modified":"2026-04-29T12:05:49","modified_gmt":"2026-04-29T12:05:49","slug":"usisivac-agrina-vc-2012-h","status":"publish","type":"product","link":"https:\/\/www.sinpeks.com\/rs\/p\/usisivac-agrina-vc-2012-h\/","title":{"rendered":"Usisivac Agrina VC 2012 H"},"content":{"rendered":"<p>Usisiva\u010d za hemijsko \u010di\u0161c\u0301enje koji se koristi za temeljno \u010di\u0161c\u0301enje tepiha, prostirki i tapacirunga u kancelarijama, klinikama, bioskopima i domac\u0301instvima, kao i tapacirunga automobila. Opremljen je bazom na sva 4 to\u010dka.Standardna oprema uklju\u010duje HEPA filter i filter za mokro usisavanje, papirnu kesu, 2 papu\u010de za hemijsko \u010di\u0161c\u0301enje (male i velike), papu\u010de za mokro i vodeno \u010di\u0161c\u0301enje, \u010detku za \u010di\u0161c\u0301enje name\u0161taja i tanki produ\u017eetak.<\/p>\n","protected":false},"excerpt":{"rendered":"<p>Usisiva\u010d za hemijsko \u010di\u0161c\u0301enje koji se koristi za temeljno \u010di\u0161c\u0301enje tepiha, prostirki i tapacirunga u kancelarijama, klinikama, bioskopima i domac\u0301instvima, kao i tapacirunga automobila. Opremljen je bazom na sva 4 to\u010dka.Standardna oprema uklju\u010duje HEPA filter i filter za mokro usisavanje, papirnu kesu, 2 papu\u010de za hemijsko \u010di\u0161c\u0301enje (male i velike), papu\u010de za mokro i vodeno [&hellip;]<\/p>\n","protected":false},"featured_media":22768,"comment_status":"closed","ping_status":"closed","template":"","meta":{"_acf_changed":false},"product_cat":[225],"product_tag":[],"class_list":{"0":"post-22767","1":"product","2":"type-product","3":"status-publish","4":"has-post-thumbnail","6":"product_cat-industrijski-usisivaci","7":"product_shipping_class-alati-masine-makedonija","8":"pa_b-agrina","9":"pa_kapacitet-rezervoara-20-l","10":"pa_market-ba","11":"pa_market-mk","12":"pa_market-rs","13":"pa_snaga-motora-1400-w","15":"first","16":"instock","17":"sale","18":"taxable","19":"shipping-taxable","20":"purchasable","21":"product-type-simple"},"acf":[],"seolaxy_ctr_woo_product_custom_meta_description_content":"","_links":{"self":[{"href":"https:\/\/www.sinpeks.com\/rs\/wp-json\/wp\/v2\/product\/22767","targetHints":{"allow":["GET"]}}],"collection":[{"href":"https:\/\/www.sinpeks.com\/rs\/wp-json\/wp\/v2\/product"}],"about":[{"href":"https:\/\/www.sinpeks.com\/rs\/wp-json\/wp\/v2\/types\/product"}],"replies":[{"embeddable":true,"href":"https:\/\/www.sinpeks.com\/rs\/wp-json\/wp\/v2\/comments?post=22767"}],"wp:featuredmedia":[{"embeddable":true,"href":"https:\/\/www.sinpeks.com\/rs\/wp-json\/wp\/v2\/media\/22768"}],"wp:attachment":[{"href":"https:\/\/www.sinpeks.com\/rs\/wp-json\/wp\/v2\/media?parent=22767"}],"wp:term":[{"taxonomy":"product_cat","embeddable":true,"href":"https:\/\/www.sinpeks.com\/rs\/wp-json\/wp\/v2\/product_cat?post=22767"},{"taxonomy":"product_tag","embeddable":true,"href":"https:\/\/www.sinpeks.com\/rs\/wp-json\/wp\/v2\/product_tag?post=22767"}],"curies":[{"name":"wp","href":"https:\/\/api.w.org\/{rel}","templated":true}]}}