{"id":22755,"date":"2025-10-21T13:59:54","date_gmt":"2025-10-21T13:59:54","guid":{"rendered":"https:\/\/www.sinpeks.com\/rs\/?post_type=product&#038;p=22755"},"modified":"2026-04-29T10:20:39","modified_gmt":"2026-04-29T10:20:39","slug":"masina-za-podova-free-evo-50b-sa-baterije-i-punjaca","status":"publish","type":"product","link":"https:\/\/www.sinpeks.com\/rs\/p\/masina-za-podova-free-evo-50b-sa-baterije-i-punjaca\/","title":{"rendered":"Ma\u0161ina za podova Free Evo 50B sa baterije i punja\u010da"},"content":{"rendered":"<p>Kompaktna ma\u0161ina za \u010di\u0161c\u0301enje podova za povr\u0161ine do 1.500 m\u00b2. Posebno pogodna za auto salone, prodavnice, hale, zdravstvene ustanove i sli\u010dne objekte gde postoji potreba za \u010di\u0161c\u0301enjem u ograni\u010denom prostoru.<\/p>\n","protected":false},"excerpt":{"rendered":"<p>Kompaktna ma\u0161ina za \u010di\u0161c\u0301enje podova za povr\u0161ine do 1.500 m\u00b2. Posebno pogodna za auto salone, prodavnice, hale, zdravstvene ustanove i sli\u010dne objekte gde postoji potreba za \u010di\u0161c\u0301enjem u ograni\u010denom prostoru.<\/p>\n","protected":false},"featured_media":22756,"comment_status":"closed","ping_status":"closed","template":"","meta":{"_acf_changed":false},"product_cat":[224],"product_tag":[],"class_list":{"0":"post-22755","1":"product","2":"type-product","3":"status-publish","4":"has-post-thumbnail","6":"product_cat-masine-za-ciscenje-podova","7":"product_shipping_class-alati-masine-makedonija","8":"pa_b-lavor","9":"pa_kapacitet-rezervoara-rezervoar-za-deterdzent-44-l-rezervoar-za-otpadnu-vodu-50-l","10":"pa_market-ba","11":"pa_market-mk","12":"pa_market-rs","13":"pa_napon-24v","14":"pa_radni-kapacitet-2000-m2-h","15":"pa_snaga-motora-550-400-w","16":"pa_tip-baterije-2x12-v","18":"first","19":"outofstock","20":"sale","21":"taxable","22":"shipping-taxable","23":"purchasable","24":"product-type-simple"},"acf":[],"seolaxy_ctr_woo_product_custom_meta_description_content":"","_links":{"self":[{"href":"https:\/\/www.sinpeks.com\/rs\/wp-json\/wp\/v2\/product\/22755","targetHints":{"allow":["GET"]}}],"collection":[{"href":"https:\/\/www.sinpeks.com\/rs\/wp-json\/wp\/v2\/product"}],"about":[{"href":"https:\/\/www.sinpeks.com\/rs\/wp-json\/wp\/v2\/types\/product"}],"replies":[{"embeddable":true,"href":"https:\/\/www.sinpeks.com\/rs\/wp-json\/wp\/v2\/comments?post=22755"}],"wp:featuredmedia":[{"embeddable":true,"href":"https:\/\/www.sinpeks.com\/rs\/wp-json\/wp\/v2\/media\/22756"}],"wp:attachment":[{"href":"https:\/\/www.sinpeks.com\/rs\/wp-json\/wp\/v2\/media?parent=22755"}],"wp:term":[{"taxonomy":"product_cat","embeddable":true,"href":"https:\/\/www.sinpeks.com\/rs\/wp-json\/wp\/v2\/product_cat?post=22755"},{"taxonomy":"product_tag","embeddable":true,"href":"https:\/\/www.sinpeks.com\/rs\/wp-json\/wp\/v2\/product_tag?post=22755"}],"curies":[{"name":"wp","href":"https:\/\/api.w.org\/{rel}","templated":true}]}}