{"id":22747,"date":"2025-10-21T11:54:10","date_gmt":"2025-10-21T11:54:10","guid":{"rendered":"https:\/\/www.sinpeks.com\/rs\/?post_type=product&#038;p=22747"},"modified":"2026-04-28T08:34:10","modified_gmt":"2026-04-28T08:34:10","slug":"agregat-agrina-lt4000-sa-elektricni-start","status":"publish","type":"product","link":"https:\/\/www.sinpeks.com\/rs\/p\/agregat-agrina-lt4000-sa-elektricni-start\/","title":{"rendered":"Agregat Agrina LT4000 sa elektricnim startom"},"content":{"rendered":"<p>Benzinski agregat za proizvodnju elektri\u010dne energije sa elektri\u010dnim startovanjem, idealan za mesta gde nema elektri\u010dne mre\u017ee ili je napon u njoj nestabilan. Mo\u017ee se koristiti za kuc\u0301e, vikendice, kamp prikolice ili jednostavno kao mobilni izvor energije na bilo kom terenu.<\/p>\n","protected":false},"excerpt":{"rendered":"<p>Benzinski agregat za proizvodnju elektri\u010dne energije sa elektri\u010dnim startovanjem, idealan za mesta gde nema elektri\u010dne mre\u017ee ili je napon u njoj nestabilan. Mo\u017ee se koristiti za kuc\u0301e, vikendice, kamp prikolice ili jednostavno kao mobilni izvor energije na bilo kom terenu.<\/p>\n","protected":false},"featured_media":22748,"comment_status":"closed","ping_status":"closed","template":"","meta":{"_acf_changed":false},"product_cat":[215],"product_tag":[],"class_list":{"0":"post-22747","1":"product","2":"type-product","3":"status-publish","4":"has-post-thumbnail","6":"product_cat-agregati-za-struju","7":"product_shipping_class-alati-masine-srbija","8":"pa_b-agrina","9":"pa_gorivo-benzin","10":"pa_kapacitet-rezervoara-15-l","11":"pa_market-ba","12":"pa_market-mk","13":"pa_market-rs","14":"pa_napon-220-240v50hz-monofazni","15":"pa_nominalna-snaga-33-kw","16":"pa_sistem-paljenja-elektricni-na-trzaj","18":"first","19":"instock","20":"sale","21":"taxable","22":"shipping-taxable","23":"purchasable","24":"product-type-simple"},"acf":[],"seolaxy_ctr_woo_product_custom_meta_description_content":"","_links":{"self":[{"href":"https:\/\/www.sinpeks.com\/rs\/wp-json\/wp\/v2\/product\/22747","targetHints":{"allow":["GET"]}}],"collection":[{"href":"https:\/\/www.sinpeks.com\/rs\/wp-json\/wp\/v2\/product"}],"about":[{"href":"https:\/\/www.sinpeks.com\/rs\/wp-json\/wp\/v2\/types\/product"}],"replies":[{"embeddable":true,"href":"https:\/\/www.sinpeks.com\/rs\/wp-json\/wp\/v2\/comments?post=22747"}],"wp:featuredmedia":[{"embeddable":true,"href":"https:\/\/www.sinpeks.com\/rs\/wp-json\/wp\/v2\/media\/22748"}],"wp:attachment":[{"href":"https:\/\/www.sinpeks.com\/rs\/wp-json\/wp\/v2\/media?parent=22747"}],"wp:term":[{"taxonomy":"product_cat","embeddable":true,"href":"https:\/\/www.sinpeks.com\/rs\/wp-json\/wp\/v2\/product_cat?post=22747"},{"taxonomy":"product_tag","embeddable":true,"href":"https:\/\/www.sinpeks.com\/rs\/wp-json\/wp\/v2\/product_tag?post=22747"}],"curies":[{"name":"wp","href":"https:\/\/api.w.org\/{rel}","templated":true}]}}