{"id":22743,"date":"2025-10-21T11:14:45","date_gmt":"2025-10-21T11:14:45","guid":{"rendered":"https:\/\/www.sinpeks.com\/rs\/?post_type=product&#038;p=22743"},"modified":"2026-02-22T01:16:47","modified_gmt":"2026-02-22T01:16:47","slug":"agregat-6500-eggrd6511-emtop","status":"publish","type":"product","link":"https:\/\/www.sinpeks.com\/rs\/p\/agregat-6500-eggrd6511-emtop\/","title":{"rendered":"Agregat 6500 EGGRD6511 Emtop"},"content":{"rendered":"<p>Monofazni benzinski agregat EGGRD6511 Emtop snage 6,5 kW, 4-taktnim OHV motorom, vazdu\u0161nim hla\u0111enjem i bakarnim namotajem. Ima elektri\u010dni start i opremljen je ergonomskom centralnom ru\u010dkom i to\u010dkovima za lak\u0161i transport.<\/p>\n","protected":false},"excerpt":{"rendered":"<p>Monofazni benzinski agregat EGGRD6511 Emtop snage 6,5 kW, 4-taktnim OHV motorom, vazdu\u0161nim hla\u0111enjem i bakarnim namotajem. Ima elektri\u010dni start i opremljen je ergonomskom centralnom ru\u010dkom i to\u010dkovima za lak\u0161i transport.<\/p>\n","protected":false},"featured_media":22744,"comment_status":"closed","ping_status":"closed","template":"","meta":{"_acf_changed":false},"product_cat":[215,5293],"product_tag":[],"class_list":{"0":"post-22743","1":"product","2":"type-product","3":"status-publish","4":"has-post-thumbnail","6":"product_cat-agregati-za-struju","7":"product_cat-emtop-akcija","8":"product_shipping_class-alati-masine-makedonija","9":"pa_b-emtop","10":"pa_gorivo-benzin","11":"pa_kapacitet-rezervoara-25-l","12":"pa_market-ba","13":"pa_market-mk","14":"pa_market-rs","15":"pa_napon-220-240v50hz-monofazni","16":"pa_nominalna-snaga-5-kw","17":"pa_sistem-paljenja-elektricni-na-trzaj","19":"first","20":"outofstock","21":"sale","22":"taxable","23":"shipping-taxable","24":"purchasable","25":"product-type-simple"},"acf":[],"seolaxy_ctr_woo_product_custom_meta_description_content":"","_links":{"self":[{"href":"https:\/\/www.sinpeks.com\/rs\/wp-json\/wp\/v2\/product\/22743","targetHints":{"allow":["GET"]}}],"collection":[{"href":"https:\/\/www.sinpeks.com\/rs\/wp-json\/wp\/v2\/product"}],"about":[{"href":"https:\/\/www.sinpeks.com\/rs\/wp-json\/wp\/v2\/types\/product"}],"replies":[{"embeddable":true,"href":"https:\/\/www.sinpeks.com\/rs\/wp-json\/wp\/v2\/comments?post=22743"}],"wp:featuredmedia":[{"embeddable":true,"href":"https:\/\/www.sinpeks.com\/rs\/wp-json\/wp\/v2\/media\/22744"}],"wp:attachment":[{"href":"https:\/\/www.sinpeks.com\/rs\/wp-json\/wp\/v2\/media?parent=22743"}],"wp:term":[{"taxonomy":"product_cat","embeddable":true,"href":"https:\/\/www.sinpeks.com\/rs\/wp-json\/wp\/v2\/product_cat?post=22743"},{"taxonomy":"product_tag","embeddable":true,"href":"https:\/\/www.sinpeks.com\/rs\/wp-json\/wp\/v2\/product_tag?post=22743"}],"curies":[{"name":"wp","href":"https:\/\/api.w.org\/{rel}","templated":true}]}}