{"id":21075,"date":"2025-10-02T08:49:22","date_gmt":"2025-10-02T08:49:22","guid":{"rendered":"https:\/\/www.sinpeks.com\/rs\/?post_type=product&#038;p=21075"},"modified":"2026-04-27T11:47:43","modified_gmt":"2026-04-27T11:47:43","slug":"freza-za-traktor-agrina-2-05m-eu","status":"publish","type":"product","link":"https:\/\/www.sinpeks.com\/rs\/p\/freza-za-traktor-agrina-2-05m-eu\/","title":{"rendered":"Freza za traktor Agrina 2.05m EU"},"content":{"rendered":"<p>Priklju\u010dna ma\u0161ina za traktor koja se koristi za obradu zemlji\u0161ta i pripremu pre setve i sadnje.<\/p>\n<p>*Fotografija je od reprezentatativnog karaktera.<\/p>\n","protected":false},"excerpt":{"rendered":"<p>Priklju\u010dna ma\u0161ina za traktor koja se koristi za obradu zemlji\u0161ta i pripremu pre setve i sadnje. *Fotografija je od reprezentatativnog karaktera.<\/p>\n","protected":false},"featured_media":21076,"comment_status":"closed","ping_status":"closed","template":"","meta":{"_acf_changed":false},"product_cat":[78],"product_tag":[],"class_list":{"0":"post-21075","1":"product","2":"type-product","3":"status-publish","4":"has-post-thumbnail","6":"product_cat-freze","7":"product_shipping_class-ostale-kategorije-makedonija","8":"pa_b-agrina","9":"pa_market-ba","10":"pa_market-mk","11":"pa_market-rs","12":"pa_min-snaga-traktora-45-50-ks","13":"pa_radna-dubina-20-cm","14":"pa_radna-sirina-205cm","16":"first","17":"instock","18":"sale","19":"taxable","20":"shipping-taxable","21":"purchasable","22":"product-type-simple"},"acf":[],"seolaxy_ctr_woo_product_custom_meta_description_content":"","_links":{"self":[{"href":"https:\/\/www.sinpeks.com\/rs\/wp-json\/wp\/v2\/product\/21075","targetHints":{"allow":["GET"]}}],"collection":[{"href":"https:\/\/www.sinpeks.com\/rs\/wp-json\/wp\/v2\/product"}],"about":[{"href":"https:\/\/www.sinpeks.com\/rs\/wp-json\/wp\/v2\/types\/product"}],"replies":[{"embeddable":true,"href":"https:\/\/www.sinpeks.com\/rs\/wp-json\/wp\/v2\/comments?post=21075"}],"wp:featuredmedia":[{"embeddable":true,"href":"https:\/\/www.sinpeks.com\/rs\/wp-json\/wp\/v2\/media\/21076"}],"wp:attachment":[{"href":"https:\/\/www.sinpeks.com\/rs\/wp-json\/wp\/v2\/media?parent=21075"}],"wp:term":[{"taxonomy":"product_cat","embeddable":true,"href":"https:\/\/www.sinpeks.com\/rs\/wp-json\/wp\/v2\/product_cat?post=21075"},{"taxonomy":"product_tag","embeddable":true,"href":"https:\/\/www.sinpeks.com\/rs\/wp-json\/wp\/v2\/product_tag?post=21075"}],"curies":[{"name":"wp","href":"https:\/\/api.w.org\/{rel}","templated":true}]}}