{"id":21043,"date":"2025-09-30T12:40:47","date_gmt":"2025-09-30T12:40:47","guid":{"rendered":"https:\/\/www.sinpeks.com\/rs\/?post_type=product&#038;p=21043"},"modified":"2026-04-28T09:07:36","modified_gmt":"2026-04-28T09:07:36","slug":"dizel-agregat-agrina-dg15000se3-monotrofazni-ats","status":"publish","type":"product","link":"https:\/\/www.sinpeks.com\/rs\/p\/dizel-agregat-agrina-dg15000se3-monotrofazni-ats\/","title":{"rendered":"Dizel agregat Agrina DG15000SE3 mono+trofazni ATS"},"content":{"rendered":"<p>Dizel agregat za proizvodnju elektri\u010dne energije opremljen automatskim startovanjem ATS, jednofazni + trofazni, sa \u010detvorotaktnim motorom sa vazdu\u0161nim hla\u0111enjem, direktnim ubrizgavanjem i elektri\u010dno palenje. Jedinica je zatvorenog tipa i ima to\u010dkove, \u0161to je \u010dini tihom i prenosivom za rad na terenu.<\/p>\n","protected":false},"excerpt":{"rendered":"<p>Dizel agregat za proizvodnju elektri\u010dne energije opremljen automatskim startovanjem ATS, jednofazni + trofazni, sa \u010detvorotaktnim motorom sa vazdu\u0161nim hla\u0111enjem, direktnim ubrizgavanjem i elektri\u010dno palenje. Jedinica je zatvorenog tipa i ima to\u010dkove, \u0161to je \u010dini tihom i prenosivom za rad na terenu.<\/p>\n","protected":false},"featured_media":21044,"comment_status":"closed","ping_status":"closed","template":"","meta":{"_acf_changed":false},"product_cat":[215],"product_tag":[],"class_list":{"0":"post-21043","1":"product","2":"type-product","3":"status-publish","4":"has-post-thumbnail","6":"product_cat-agregati-za-struju","7":"product_shipping_class-alati-masine-srbija","8":"pa_b-agrina","9":"pa_gorivo-dizel","10":"pa_market-ba","11":"pa_market-mk","12":"pa_market-rs","13":"pa_nominalna-snaga-10-kw","14":"pa_rezervoar-gorivo-ulje-30-2-l","15":"pa_sistem-paljenja-automatski-elektricni","17":"first","18":"instock","19":"sale","20":"taxable","21":"shipping-taxable","22":"purchasable","23":"product-type-simple"},"acf":[],"seolaxy_ctr_woo_product_custom_meta_description_content":"","_links":{"self":[{"href":"https:\/\/www.sinpeks.com\/rs\/wp-json\/wp\/v2\/product\/21043","targetHints":{"allow":["GET"]}}],"collection":[{"href":"https:\/\/www.sinpeks.com\/rs\/wp-json\/wp\/v2\/product"}],"about":[{"href":"https:\/\/www.sinpeks.com\/rs\/wp-json\/wp\/v2\/types\/product"}],"replies":[{"embeddable":true,"href":"https:\/\/www.sinpeks.com\/rs\/wp-json\/wp\/v2\/comments?post=21043"}],"wp:featuredmedia":[{"embeddable":true,"href":"https:\/\/www.sinpeks.com\/rs\/wp-json\/wp\/v2\/media\/21044"}],"wp:attachment":[{"href":"https:\/\/www.sinpeks.com\/rs\/wp-json\/wp\/v2\/media?parent=21043"}],"wp:term":[{"taxonomy":"product_cat","embeddable":true,"href":"https:\/\/www.sinpeks.com\/rs\/wp-json\/wp\/v2\/product_cat?post=21043"},{"taxonomy":"product_tag","embeddable":true,"href":"https:\/\/www.sinpeks.com\/rs\/wp-json\/wp\/v2\/product_tag?post=21043"}],"curies":[{"name":"wp","href":"https:\/\/api.w.org\/{rel}","templated":true}]}}