{"id":21035,"date":"2025-09-26T10:35:31","date_gmt":"2025-09-26T10:35:31","guid":{"rendered":"https:\/\/www.sinpeks.com\/rs\/?post_type=product&#038;p=21035"},"modified":"2026-01-13T11:53:34","modified_gmt":"2026-01-13T11:53:34","slug":"teleskopske-makaze-180-cm-asta-180","status":"publish","type":"product","link":"https:\/\/www.sinpeks.com\/rs\/p\/teleskopske-makaze-180-cm-asta-180\/","title":{"rendered":"Teleskopske makaze 1,80 cm ASTA 180"},"content":{"rendered":"<p>Profesionalne teleskopske makaze za orezivanje za se\u010denje svih vrsta grana. Imaju sistem se\u010denja koji zna\u010dajno smanjuje napor operatera. Ru\u010dke su napravljene od neklizajuc\u0301eg materijala koji pru\u017ea \u010dvrst i udoban hvat. Se\u010divo je napravljeno od toplo kovanog \u010delika sa visokim procentom ugljenika. Jedinica za se\u010denje omoguc\u0301ava lako se\u010denje grana pre\u010dnika do 25 mm.<\/p>\n","protected":false},"excerpt":{"rendered":"<p>Profesionalne teleskopske makaze za orezivanje za se\u010denje svih vrsta grana. Imaju sistem se\u010denja koji zna\u010dajno smanjuje napor operatera. Ru\u010dke su napravljene od neklizajuc\u0301eg materijala koji pru\u017ea \u010dvrst i udoban hvat. Se\u010divo je napravljeno od toplo kovanog \u010delika sa visokim procentom ugljenika. Jedinica za se\u010denje omoguc\u0301ava lako se\u010denje grana pre\u010dnika do 25 mm.<\/p>\n","protected":false},"featured_media":21036,"comment_status":"closed","ping_status":"closed","template":"","meta":{"_acf_changed":false},"product_cat":[3462],"product_tag":[],"class_list":{"0":"post-21035","1":"product","2":"type-product","3":"status-publish","4":"has-post-thumbnail","6":"product_cat-makaze-za-orezivanje","7":"product_shipping_class-alati-masine-srbija","8":"pa_b-castellari","9":"pa_market-ba","10":"pa_market-mk","11":"pa_market-rs","13":"first","14":"instock","15":"sale","16":"taxable","17":"shipping-taxable","18":"purchasable","19":"product-type-simple"},"acf":[],"seolaxy_ctr_woo_product_custom_meta_description_content":"","_links":{"self":[{"href":"https:\/\/www.sinpeks.com\/rs\/wp-json\/wp\/v2\/product\/21035","targetHints":{"allow":["GET"]}}],"collection":[{"href":"https:\/\/www.sinpeks.com\/rs\/wp-json\/wp\/v2\/product"}],"about":[{"href":"https:\/\/www.sinpeks.com\/rs\/wp-json\/wp\/v2\/types\/product"}],"replies":[{"embeddable":true,"href":"https:\/\/www.sinpeks.com\/rs\/wp-json\/wp\/v2\/comments?post=21035"}],"wp:featuredmedia":[{"embeddable":true,"href":"https:\/\/www.sinpeks.com\/rs\/wp-json\/wp\/v2\/media\/21036"}],"wp:attachment":[{"href":"https:\/\/www.sinpeks.com\/rs\/wp-json\/wp\/v2\/media?parent=21035"}],"wp:term":[{"taxonomy":"product_cat","embeddable":true,"href":"https:\/\/www.sinpeks.com\/rs\/wp-json\/wp\/v2\/product_cat?post=21035"},{"taxonomy":"product_tag","embeddable":true,"href":"https:\/\/www.sinpeks.com\/rs\/wp-json\/wp\/v2\/product_tag?post=21035"}],"curies":[{"name":"wp","href":"https:\/\/api.w.org\/{rel}","templated":true}]}}