{"id":21032,"date":"2025-09-26T10:14:50","date_gmt":"2025-09-26T10:14:50","guid":{"rendered":"https:\/\/www.sinpeks.com\/rs\/?post_type=product&#038;p=21032"},"modified":"2026-01-13T11:53:34","modified_gmt":"2026-01-13T11:53:34","slug":"makaze-sa-drskom-80-cm-m-model-m80","status":"publish","type":"product","link":"https:\/\/www.sinpeks.com\/rs\/p\/makaze-sa-drskom-80-cm-m-model-m80\/","title":{"rendered":"Makaze sa dr\u0161kom 80 cm M model M80"},"content":{"rendered":"<p>Profesionalne makaze za ravno se\u010denje, pogodne za orezivanje svih biljaka. Kretanje potpomognuto mehanizmom tipa S omoguc\u0301ava seka\u010dima grana tipa M da seku grane pre\u010dnika do 45 mm uz minimalan napor i bez povratnog udarca. Posebna konstrukcija ovih makaza obezbe\u0111uje bolji odnos otvaranja\/se\u010denja. Ru\u010dke su napravljene od ovalnog ekstrudiranog aluminijuma sa anodiziranom povr\u0161inom sposobnom da izdr\u017ei ekstremno naprezanje. Se\u010divo i \u201eS\u201c mehanizam su napravljeni od toplo kovanog \u010delika sa visokim procentom ugljenika.<\/p>\n","protected":false},"excerpt":{"rendered":"<p>Profesionalne makaze za ravno se\u010denje, pogodne za orezivanje svih biljaka. Kretanje potpomognuto mehanizmom tipa S omoguc\u0301ava seka\u010dima grana tipa M da seku grane pre\u010dnika do 45 mm uz minimalan napor i bez povratnog udarca. Posebna konstrukcija ovih makaza obezbe\u0111uje bolji odnos otvaranja\/se\u010denja. Ru\u010dke su napravljene od ovalnog ekstrudiranog aluminijuma sa anodiziranom povr\u0161inom sposobnom da izdr\u017ei [&hellip;]<\/p>\n","protected":false},"featured_media":21033,"comment_status":"closed","ping_status":"closed","template":"","meta":{"_acf_changed":false},"product_cat":[3462],"product_tag":[],"class_list":{"0":"post-21032","1":"product","2":"type-product","3":"status-publish","4":"has-post-thumbnail","6":"product_cat-makaze-za-orezivanje","7":"product_shipping_class-alati-masine-srbija","8":"pa_market-ba","9":"pa_market-mk","10":"pa_market-rs","12":"first","13":"instock","14":"sale","15":"taxable","16":"shipping-taxable","17":"purchasable","18":"product-type-simple"},"acf":[],"seolaxy_ctr_woo_product_custom_meta_description_content":"","_links":{"self":[{"href":"https:\/\/www.sinpeks.com\/rs\/wp-json\/wp\/v2\/product\/21032","targetHints":{"allow":["GET"]}}],"collection":[{"href":"https:\/\/www.sinpeks.com\/rs\/wp-json\/wp\/v2\/product"}],"about":[{"href":"https:\/\/www.sinpeks.com\/rs\/wp-json\/wp\/v2\/types\/product"}],"replies":[{"embeddable":true,"href":"https:\/\/www.sinpeks.com\/rs\/wp-json\/wp\/v2\/comments?post=21032"}],"wp:featuredmedia":[{"embeddable":true,"href":"https:\/\/www.sinpeks.com\/rs\/wp-json\/wp\/v2\/media\/21033"}],"wp:attachment":[{"href":"https:\/\/www.sinpeks.com\/rs\/wp-json\/wp\/v2\/media?parent=21032"}],"wp:term":[{"taxonomy":"product_cat","embeddable":true,"href":"https:\/\/www.sinpeks.com\/rs\/wp-json\/wp\/v2\/product_cat?post=21032"},{"taxonomy":"product_tag","embeddable":true,"href":"https:\/\/www.sinpeks.com\/rs\/wp-json\/wp\/v2\/product_tag?post=21032"}],"curies":[{"name":"wp","href":"https:\/\/api.w.org\/{rel}","templated":true}]}}