{"id":20842,"date":"2025-09-23T08:14:40","date_gmt":"2025-09-23T08:14:40","guid":{"rendered":"https:\/\/www.sinpeks.com\/rs\/?post_type=product&#038;p=20842"},"modified":"2026-04-23T09:40:48","modified_gmt":"2026-04-23T09:40:48","slug":"prskalica-ontar-600l-sa-12m-kopirackim-ramom","status":"publish","type":"product","link":"https:\/\/www.sinpeks.com\/rs\/p\/prskalica-ontar-600l-sa-12m-kopirackim-ramom\/","title":{"rendered":"Prskalica Ontar 600l sa 12m kopiraju\u0107im ramom"},"content":{"rendered":"<p>Ma\u0161ina namenjena za prskanje za\u0161titnih sredstava na svim vrstama useva. Opremljena je kopira\u010dkim ramom od 12 metara.<\/p>\n","protected":false},"excerpt":{"rendered":"<p>Ma\u0161ina namenjena za prskanje za\u0161titnih sredstava na svim vrstama useva. Opremljena je kopira\u010dkim ramom od 12 metara.<\/p>\n","protected":false},"featured_media":20843,"comment_status":"closed","ping_status":"closed","template":"","meta":{"_acf_changed":false},"product_cat":[100],"product_tag":[],"class_list":{"0":"post-20842","1":"product","2":"type-product","3":"status-publish","4":"has-post-thumbnail","6":"product_cat-prskalice-za-traktor","7":"product_shipping_class-ostale-kategorije-srbija","8":"pa_b-ontar","9":"pa_duzina-rama-12-m","10":"pa_market-ba","11":"pa_market-mk","12":"pa_market-rs","13":"pa_zapremina-rezervoara-600-l","15":"first","16":"instock","17":"sale","18":"taxable","19":"shipping-taxable","20":"purchasable","21":"product-type-simple"},"acf":[],"seolaxy_ctr_woo_product_custom_meta_description_content":"","_links":{"self":[{"href":"https:\/\/www.sinpeks.com\/rs\/wp-json\/wp\/v2\/product\/20842","targetHints":{"allow":["GET"]}}],"collection":[{"href":"https:\/\/www.sinpeks.com\/rs\/wp-json\/wp\/v2\/product"}],"about":[{"href":"https:\/\/www.sinpeks.com\/rs\/wp-json\/wp\/v2\/types\/product"}],"replies":[{"embeddable":true,"href":"https:\/\/www.sinpeks.com\/rs\/wp-json\/wp\/v2\/comments?post=20842"}],"wp:featuredmedia":[{"embeddable":true,"href":"https:\/\/www.sinpeks.com\/rs\/wp-json\/wp\/v2\/media\/20843"}],"wp:attachment":[{"href":"https:\/\/www.sinpeks.com\/rs\/wp-json\/wp\/v2\/media?parent=20842"}],"wp:term":[{"taxonomy":"product_cat","embeddable":true,"href":"https:\/\/www.sinpeks.com\/rs\/wp-json\/wp\/v2\/product_cat?post=20842"},{"taxonomy":"product_tag","embeddable":true,"href":"https:\/\/www.sinpeks.com\/rs\/wp-json\/wp\/v2\/product_tag?post=20842"}],"curies":[{"name":"wp","href":"https:\/\/api.w.org\/{rel}","templated":true}]}}