{"id":20800,"date":"2025-09-12T07:09:02","date_gmt":"2025-09-12T07:09:02","guid":{"rendered":"https:\/\/www.sinpeks.com\/rs\/?post_type=product&#038;p=20800"},"modified":"2026-05-07T12:46:40","modified_gmt":"2026-05-07T12:46:40","slug":"kompresor-agrina-100-litara-k-na-kaisu","status":"publish","type":"product","link":"https:\/\/www.sinpeks.com\/rs\/p\/kompresor-agrina-100-litara-k-na-kaisu\/","title":{"rendered":"Kompresor Agrina 100 litara K na kai\u0161u"},"content":{"rendered":"<p>Kompresor velikog kapaciteta namenjen za kuc\u0301nu i industrijsku upotrebu. Tako\u0111e se mo\u017ee koristiti kao deo instalacije za ma\u0161ine koje imaju stalnu potrebu za izvorom komprimovanog vazduha. Ima sna\u017ean motor od 2.2 kW, makismalni pritisak od 8 bara\u00a0 i dvoklipnu kompresorsku glavu povezanu sa motorom preko kai\u0161a.<\/p>\n","protected":false},"excerpt":{"rendered":"<p>Kompresor velikog kapaciteta namenjen za kuc\u0301nu i industrijsku upotrebu. Tako\u0111e se mo\u017ee koristiti kao deo instalacije za ma\u0161ine koje imaju stalnu potrebu za izvorom komprimovanog vazduha. Ima sna\u017ean motor od 2.2 kW, makismalni pritisak od 8 bara\u00a0 i dvoklipnu kompresorsku glavu povezanu sa motorom preko kai\u0161a.<\/p>\n","protected":false},"featured_media":20801,"comment_status":"closed","ping_status":"closed","template":"","meta":{"_acf_changed":false},"product_cat":[216],"product_tag":[],"class_list":{"0":"post-20800","1":"product","2":"type-product","3":"status-publish","4":"has-post-thumbnail","6":"product_cat-kompresori-za-vazduh","7":"product_shipping_class-alati-masine-srbija","8":"pa_b-agrina","9":"pa_maksimalni-protok-250-l-min","10":"pa_market-ba","11":"pa_market-mk","12":"pa_market-rs","13":"pa_zapremina-rezervoara-100-l","15":"first","16":"instock","17":"sale","18":"taxable","19":"shipping-taxable","20":"purchasable","21":"product-type-simple"},"acf":[],"seolaxy_ctr_woo_product_custom_meta_description_content":"","_links":{"self":[{"href":"https:\/\/www.sinpeks.com\/rs\/wp-json\/wp\/v2\/product\/20800","targetHints":{"allow":["GET"]}}],"collection":[{"href":"https:\/\/www.sinpeks.com\/rs\/wp-json\/wp\/v2\/product"}],"about":[{"href":"https:\/\/www.sinpeks.com\/rs\/wp-json\/wp\/v2\/types\/product"}],"replies":[{"embeddable":true,"href":"https:\/\/www.sinpeks.com\/rs\/wp-json\/wp\/v2\/comments?post=20800"}],"wp:featuredmedia":[{"embeddable":true,"href":"https:\/\/www.sinpeks.com\/rs\/wp-json\/wp\/v2\/media\/20801"}],"wp:attachment":[{"href":"https:\/\/www.sinpeks.com\/rs\/wp-json\/wp\/v2\/media?parent=20800"}],"wp:term":[{"taxonomy":"product_cat","embeddable":true,"href":"https:\/\/www.sinpeks.com\/rs\/wp-json\/wp\/v2\/product_cat?post=20800"},{"taxonomy":"product_tag","embeddable":true,"href":"https:\/\/www.sinpeks.com\/rs\/wp-json\/wp\/v2\/product_tag?post=20800"}],"curies":[{"name":"wp","href":"https:\/\/api.w.org\/{rel}","templated":true}]}}