{"id":20771,"date":"2025-09-01T11:10:50","date_gmt":"2025-09-01T11:10:50","guid":{"rendered":"https:\/\/www.sinpeks.com\/rs\/?post_type=product&#038;p=20771"},"modified":"2026-01-21T11:41:24","modified_gmt":"2026-01-21T11:41:24","slug":"tifon-za-navodnjavanje-ocmis-90r2-1a300-sa-tockovima","status":"publish","type":"product","link":"https:\/\/www.sinpeks.com\/rs\/p\/tifon-za-navodnjavanje-ocmis-90r2-1a300-sa-tockovima\/","title":{"rendered":"Tifon za navodnjavanje OCMIS 90R2\/1A300 sa tockovima"},"content":{"rendered":"<p>Tifon za navodnjavanje Ocmis sa pre\u010dnikom creva od 90 mm I du\u017einom creva od 300 m. Ima menja\u010d sa 6 brzine rada, set mlaznica sa razli\u010ditim dijametrom, manometar I tahometar.<\/p>\n","protected":false},"excerpt":{"rendered":"<p>Tifon za navodnjavanje Ocmis sa pre\u010dnikom creva od 90 mm I du\u017einom creva od 300 m. Ima menja\u010d sa 6 brzine rada, set mlaznica sa razli\u010ditim dijametrom, manometar I tahometar.<\/p>\n","protected":false},"featured_media":20772,"comment_status":"closed","ping_status":"closed","template":"","meta":{"_acf_changed":false},"product_cat":[99],"product_tag":[],"class_list":{"0":"post-20771","1":"product","2":"type-product","3":"status-publish","4":"has-post-thumbnail","6":"product_cat-tifoni","7":"product_shipping_class-ostale-kategorije-makedonija","8":"pa_b-ocmis","9":"pa_market-ba","10":"pa_market-mk","11":"pa_market-rs","12":"pa_precnik-duzina-creva-mm-m-90-300","14":"first","15":"instock","16":"sale","17":"taxable","18":"shipping-taxable","19":"purchasable","20":"product-type-simple"},"acf":[],"seolaxy_ctr_woo_product_custom_meta_description_content":"","_links":{"self":[{"href":"https:\/\/www.sinpeks.com\/rs\/wp-json\/wp\/v2\/product\/20771","targetHints":{"allow":["GET"]}}],"collection":[{"href":"https:\/\/www.sinpeks.com\/rs\/wp-json\/wp\/v2\/product"}],"about":[{"href":"https:\/\/www.sinpeks.com\/rs\/wp-json\/wp\/v2\/types\/product"}],"replies":[{"embeddable":true,"href":"https:\/\/www.sinpeks.com\/rs\/wp-json\/wp\/v2\/comments?post=20771"}],"wp:featuredmedia":[{"embeddable":true,"href":"https:\/\/www.sinpeks.com\/rs\/wp-json\/wp\/v2\/media\/20772"}],"wp:attachment":[{"href":"https:\/\/www.sinpeks.com\/rs\/wp-json\/wp\/v2\/media?parent=20771"}],"wp:term":[{"taxonomy":"product_cat","embeddable":true,"href":"https:\/\/www.sinpeks.com\/rs\/wp-json\/wp\/v2\/product_cat?post=20771"},{"taxonomy":"product_tag","embeddable":true,"href":"https:\/\/www.sinpeks.com\/rs\/wp-json\/wp\/v2\/product_tag?post=20771"}],"curies":[{"name":"wp","href":"https:\/\/api.w.org\/{rel}","templated":true}]}}