{"id":20766,"date":"2025-09-01T08:28:39","date_gmt":"2025-09-01T08:28:39","guid":{"rendered":"https:\/\/www.sinpeks.com\/rs\/?post_type=product&#038;p=20766"},"modified":"2026-02-18T14:08:56","modified_gmt":"2026-02-18T14:08:56","slug":"masina-za-podova-sprinter","status":"publish","type":"product","link":"https:\/\/www.sinpeks.com\/rs\/p\/masina-za-podova-sprinter\/","title":{"rendered":"Ma\u0161ina za podove SPRINTER"},"content":{"rendered":"<p>Ma\u0161ina za \u010di\u0161c\u0301enje podova marke Lavor koristi se za \u010di\u0161c\u0301enje manjih prostora kao \u0161to su prodavnice, kancelarije, \u0161kole, bolnice, teretane i restorani. Vr\u0161i su\u0161enje u oba smera kretanja, napred i nazad, i ima kabl za napajanje od 7 metara. Opremljena je to\u010dkovima koji ne ostavljaju tragove prilikom kretanja.<\/p>\n","protected":false},"excerpt":{"rendered":"<p>Ma\u0161ina za \u010di\u0161c\u0301enje podova marke Lavor koristi se za \u010di\u0161c\u0301enje manjih prostora kao \u0161to su prodavnice, kancelarije, \u0161kole, bolnice, teretane i restorani. Vr\u0161i su\u0161enje u oba smera kretanja, napred i nazad, i ima kabl za napajanje od 7 metara. Opremljena je to\u010dkovima koji ne ostavljaju tragove prilikom kretanja.<\/p>\n","protected":false},"featured_media":20769,"comment_status":"closed","ping_status":"closed","template":"","meta":{"_acf_changed":false},"product_cat":[224],"product_tag":[],"class_list":{"0":"post-20766","1":"product","2":"type-product","3":"status-publish","4":"has-post-thumbnail","6":"product_cat-masine-za-ciscenje-podova","7":"product_shipping_class-alati-masine-makedonija","8":"pa_market-ba","9":"pa_market-mk","10":"pa_market-rs","11":"pa_radna-sirina-290-320-mm","12":"pa_radni-kapacitet-1015-m2-h","14":"first","15":"outofstock","16":"sale","17":"taxable","18":"shipping-taxable","19":"purchasable","20":"product-type-simple"},"acf":[],"seolaxy_ctr_woo_product_custom_meta_description_content":"","_links":{"self":[{"href":"https:\/\/www.sinpeks.com\/rs\/wp-json\/wp\/v2\/product\/20766","targetHints":{"allow":["GET"]}}],"collection":[{"href":"https:\/\/www.sinpeks.com\/rs\/wp-json\/wp\/v2\/product"}],"about":[{"href":"https:\/\/www.sinpeks.com\/rs\/wp-json\/wp\/v2\/types\/product"}],"replies":[{"embeddable":true,"href":"https:\/\/www.sinpeks.com\/rs\/wp-json\/wp\/v2\/comments?post=20766"}],"wp:featuredmedia":[{"embeddable":true,"href":"https:\/\/www.sinpeks.com\/rs\/wp-json\/wp\/v2\/media\/20769"}],"wp:attachment":[{"href":"https:\/\/www.sinpeks.com\/rs\/wp-json\/wp\/v2\/media?parent=20766"}],"wp:term":[{"taxonomy":"product_cat","embeddable":true,"href":"https:\/\/www.sinpeks.com\/rs\/wp-json\/wp\/v2\/product_cat?post=20766"},{"taxonomy":"product_tag","embeddable":true,"href":"https:\/\/www.sinpeks.com\/rs\/wp-json\/wp\/v2\/product_tag?post=20766"}],"curies":[{"name":"wp","href":"https:\/\/api.w.org\/{rel}","templated":true}]}}