{"id":20697,"date":"2025-08-01T11:32:55","date_gmt":"2025-08-01T11:32:55","guid":{"rendered":"https:\/\/www.sinpeks.com\/rs\/?post_type=product&#038;p=20697"},"modified":"2026-05-04T21:44:59","modified_gmt":"2026-05-04T21:44:59","slug":"potopna-muljna-pumpa-1100w-ewppqd11001-emtop","status":"publish","type":"product","link":"https:\/\/www.sinpeks.com\/rs\/p\/potopna-muljna-pumpa-1100w-ewppqd11001-emtop\/","title":{"rendered":"Potopna muljna pumpa 1100W EWPPQD11001 Emtop"},"content":{"rendered":"<p>Potopna muljna pumpa snage 1100 W. Ima telo od ner\u0111aju\u0107eg \u010delika, telo motora od livenog gvo\u017e\u0111a i bakarni namotaj.<\/p>\n","protected":false},"excerpt":{"rendered":"<p>Potopna muljna pumpa snage 1100 W. Ima telo od ner\u0111aju\u0107eg \u010delika, telo motora od livenog gvo\u017e\u0111a i bakarni namotaj.<\/p>\n","protected":false},"featured_media":20698,"comment_status":"closed","ping_status":"closed","template":"","meta":{"_acf_changed":false},"product_cat":[236],"product_tag":[],"class_list":{"0":"post-20697","1":"product","2":"type-product","3":"status-publish","4":"has-post-thumbnail","6":"product_cat-potapajuce","7":"product_shipping_class-alati-masine-makedonija","8":"pa_b-emtop","9":"pa_maksimalna-visina-15-m","10":"pa_maksimalni-protok-336-l-min","11":"pa_market-ba","12":"pa_market-mk","13":"pa_market-rs","15":"first","16":"outofstock","17":"sale","18":"taxable","19":"shipping-taxable","20":"purchasable","21":"product-type-simple"},"acf":[],"seolaxy_ctr_woo_product_custom_meta_description_content":"","_links":{"self":[{"href":"https:\/\/www.sinpeks.com\/rs\/wp-json\/wp\/v2\/product\/20697","targetHints":{"allow":["GET"]}}],"collection":[{"href":"https:\/\/www.sinpeks.com\/rs\/wp-json\/wp\/v2\/product"}],"about":[{"href":"https:\/\/www.sinpeks.com\/rs\/wp-json\/wp\/v2\/types\/product"}],"replies":[{"embeddable":true,"href":"https:\/\/www.sinpeks.com\/rs\/wp-json\/wp\/v2\/comments?post=20697"}],"wp:featuredmedia":[{"embeddable":true,"href":"https:\/\/www.sinpeks.com\/rs\/wp-json\/wp\/v2\/media\/20698"}],"wp:attachment":[{"href":"https:\/\/www.sinpeks.com\/rs\/wp-json\/wp\/v2\/media?parent=20697"}],"wp:term":[{"taxonomy":"product_cat","embeddable":true,"href":"https:\/\/www.sinpeks.com\/rs\/wp-json\/wp\/v2\/product_cat?post=20697"},{"taxonomy":"product_tag","embeddable":true,"href":"https:\/\/www.sinpeks.com\/rs\/wp-json\/wp\/v2\/product_tag?post=20697"}],"curies":[{"name":"wp","href":"https:\/\/api.w.org\/{rel}","templated":true}]}}