{"id":20682,"date":"2025-08-01T09:36:00","date_gmt":"2025-08-01T09:36:00","guid":{"rendered":"https:\/\/www.sinpeks.com\/rs\/?post_type=product&#038;p=20682"},"modified":"2026-05-05T09:55:47","modified_gmt":"2026-05-05T09:55:47","slug":"pumpa-za-vodu-750w-ewppc07501-emtop","status":"publish","type":"product","link":"https:\/\/www.sinpeks.com\/rs\/p\/pumpa-za-vodu-750w-ewppc07501-emtop\/","title":{"rendered":"Pumpa za vodu 750W EWPPC07501 Emtop"},"content":{"rendered":"<p>Centrifugalna\u00a0pumpa za vodu sa perkom od ner\u0111aju\u0107eg \u010delika, bakarnim namotajem motora i protokom vode od 110 l\/min.<\/p>\n","protected":false},"excerpt":{"rendered":"<p>Centrifugalna\u00a0pumpa za vodu sa perkom od ner\u0111aju\u0107eg \u010delika, bakarnim namotajem motora i protokom vode od 110 l\/min.<\/p>\n","protected":false},"featured_media":20683,"comment_status":"closed","ping_status":"closed","template":"","meta":{"_acf_changed":false},"product_cat":[239],"product_tag":[],"class_list":{"0":"post-20682","1":"product","2":"type-product","3":"status-publish","4":"has-post-thumbnail","6":"product_cat-za-navodnjavanje","7":"product_shipping_class-alati-masine-makedonija","8":"pa_b-emtop","9":"pa_maksimalna-dubina-8-m","10":"pa_maksimalna-visina-30-m","11":"pa_maksimalni-protok-110-l-min","12":"pa_market-ba","13":"pa_market-mk","14":"pa_market-rs","16":"first","17":"instock","18":"sale","19":"taxable","20":"shipping-taxable","21":"purchasable","22":"product-type-simple"},"acf":[],"seolaxy_ctr_woo_product_custom_meta_description_content":"","_links":{"self":[{"href":"https:\/\/www.sinpeks.com\/rs\/wp-json\/wp\/v2\/product\/20682","targetHints":{"allow":["GET"]}}],"collection":[{"href":"https:\/\/www.sinpeks.com\/rs\/wp-json\/wp\/v2\/product"}],"about":[{"href":"https:\/\/www.sinpeks.com\/rs\/wp-json\/wp\/v2\/types\/product"}],"replies":[{"embeddable":true,"href":"https:\/\/www.sinpeks.com\/rs\/wp-json\/wp\/v2\/comments?post=20682"}],"wp:featuredmedia":[{"embeddable":true,"href":"https:\/\/www.sinpeks.com\/rs\/wp-json\/wp\/v2\/media\/20683"}],"wp:attachment":[{"href":"https:\/\/www.sinpeks.com\/rs\/wp-json\/wp\/v2\/media?parent=20682"}],"wp:term":[{"taxonomy":"product_cat","embeddable":true,"href":"https:\/\/www.sinpeks.com\/rs\/wp-json\/wp\/v2\/product_cat?post=20682"},{"taxonomy":"product_tag","embeddable":true,"href":"https:\/\/www.sinpeks.com\/rs\/wp-json\/wp\/v2\/product_tag?post=20682"}],"curies":[{"name":"wp","href":"https:\/\/api.w.org\/{rel}","templated":true}]}}