{"id":20674,"date":"2025-07-31T13:18:23","date_gmt":"2025-07-31T13:18:23","guid":{"rendered":"https:\/\/www.sinpeks.com\/rs\/?post_type=product&#038;p=20674"},"modified":"2026-05-16T01:04:43","modified_gmt":"2026-05-16T01:04:43","slug":"potopna-pumpa-raketa-550w-ewppd05501-emtop","status":"publish","type":"product","link":"https:\/\/www.sinpeks.com\/rs\/p\/potopna-pumpa-raketa-550w-ewppd05501-emtop\/","title":{"rendered":"Potopna pumpa raketa 550W EWPPD05501 Emtop"},"content":{"rendered":"<p>Potopna pumpa raketa EWPPD03701 Emtop sa 8-brzinskim impelerom, motorom sa bakarnim kalemom i ku\u0107i\u0161tem od ner\u0111aju\u0107eg \u010delika.<\/p>\n","protected":false},"excerpt":{"rendered":"<p>Potopna pumpa raketa EWPPD03701 Emtop sa 8-brzinskim impelerom, motorom sa bakarnim kalemom i ku\u0107i\u0161tem od ner\u0111aju\u0107eg \u010delika.<\/p>\n","protected":false},"featured_media":20675,"comment_status":"closed","ping_status":"closed","template":"","meta":{"_acf_changed":false},"product_cat":[236],"product_tag":[],"class_list":{"0":"post-20674","1":"product","2":"type-product","3":"status-publish","4":"has-post-thumbnail","6":"product_cat-potapajuce","7":"product_shipping_class-alati-masine-makedonija","8":"pa_b-emtop","9":"pa_maksimalna-visina-64-m","10":"pa_maksimalni-protok-6000-l-h","11":"pa_market-ba","12":"pa_market-mk","13":"pa_market-rs","15":"first","16":"instock","17":"sale","18":"taxable","19":"shipping-taxable","20":"purchasable","21":"product-type-simple"},"acf":[],"seolaxy_ctr_woo_product_custom_meta_description_content":"","_links":{"self":[{"href":"https:\/\/www.sinpeks.com\/rs\/wp-json\/wp\/v2\/product\/20674","targetHints":{"allow":["GET"]}}],"collection":[{"href":"https:\/\/www.sinpeks.com\/rs\/wp-json\/wp\/v2\/product"}],"about":[{"href":"https:\/\/www.sinpeks.com\/rs\/wp-json\/wp\/v2\/types\/product"}],"replies":[{"embeddable":true,"href":"https:\/\/www.sinpeks.com\/rs\/wp-json\/wp\/v2\/comments?post=20674"}],"wp:featuredmedia":[{"embeddable":true,"href":"https:\/\/www.sinpeks.com\/rs\/wp-json\/wp\/v2\/media\/20675"}],"wp:attachment":[{"href":"https:\/\/www.sinpeks.com\/rs\/wp-json\/wp\/v2\/media?parent=20674"}],"wp:term":[{"taxonomy":"product_cat","embeddable":true,"href":"https:\/\/www.sinpeks.com\/rs\/wp-json\/wp\/v2\/product_cat?post=20674"},{"taxonomy":"product_tag","embeddable":true,"href":"https:\/\/www.sinpeks.com\/rs\/wp-json\/wp\/v2\/product_tag?post=20674"}],"curies":[{"name":"wp","href":"https:\/\/api.w.org\/{rel}","templated":true}]}}