{"id":20665,"date":"2025-07-31T11:50:37","date_gmt":"2025-07-31T11:50:37","guid":{"rendered":"https:\/\/www.sinpeks.com\/rs\/?post_type=product&#038;p=20665"},"modified":"2026-02-22T01:16:47","modified_gmt":"2026-02-22T01:16:47","slug":"potopna-pumpa-raketa-1100w-ewppd11001-emtop","status":"publish","type":"product","link":"https:\/\/www.sinpeks.com\/rs\/p\/potopna-pumpa-raketa-1100w-ewppd11001-emtop\/","title":{"rendered":"Potopna pumpa raketa 1100W EWPPD11001 Emtop"},"content":{"rendered":"<p>Potopna pumpa-raketa EWPPD11001 Emtop sa 14-stepenom perkom, motorom sa bakarnim namotajem i ku\u0107i\u0161tem od ner\u0111aju\u0107eg \u010delika.<\/p>\n<p>Kompatibilna kontrolna kutija: EWSBD11001.<\/p>\n","protected":false},"excerpt":{"rendered":"<p>Potopna pumpa-raketa EWPPD11001 Emtop sa 14-stepenom perkom, motorom sa bakarnim namotajem i ku\u0107i\u0161tem od ner\u0111aju\u0107eg \u010delika. Kompatibilna kontrolna kutija: EWSBD11001.<\/p>\n","protected":false},"featured_media":20667,"comment_status":"closed","ping_status":"closed","template":"","meta":{"_acf_changed":false},"product_cat":[236],"product_tag":[],"class_list":{"0":"post-20665","1":"product","2":"type-product","3":"status-publish","4":"has-post-thumbnail","6":"product_cat-potapajuce","7":"product_shipping_class-alati-masine-makedonija","8":"pa_maksimalna-visina-112-m","9":"pa_maksimalni-protok-6000-l-h","10":"pa_market-ba","11":"pa_market-mk","12":"pa_market-rs","14":"first","15":"outofstock","16":"sale","17":"taxable","18":"shipping-taxable","19":"purchasable","20":"product-type-simple"},"acf":[],"seolaxy_ctr_woo_product_custom_meta_description_content":"","_links":{"self":[{"href":"https:\/\/www.sinpeks.com\/rs\/wp-json\/wp\/v2\/product\/20665","targetHints":{"allow":["GET"]}}],"collection":[{"href":"https:\/\/www.sinpeks.com\/rs\/wp-json\/wp\/v2\/product"}],"about":[{"href":"https:\/\/www.sinpeks.com\/rs\/wp-json\/wp\/v2\/types\/product"}],"replies":[{"embeddable":true,"href":"https:\/\/www.sinpeks.com\/rs\/wp-json\/wp\/v2\/comments?post=20665"}],"wp:featuredmedia":[{"embeddable":true,"href":"https:\/\/www.sinpeks.com\/rs\/wp-json\/wp\/v2\/media\/20667"}],"wp:attachment":[{"href":"https:\/\/www.sinpeks.com\/rs\/wp-json\/wp\/v2\/media?parent=20665"}],"wp:term":[{"taxonomy":"product_cat","embeddable":true,"href":"https:\/\/www.sinpeks.com\/rs\/wp-json\/wp\/v2\/product_cat?post=20665"},{"taxonomy":"product_tag","embeddable":true,"href":"https:\/\/www.sinpeks.com\/rs\/wp-json\/wp\/v2\/product_tag?post=20665"}],"curies":[{"name":"wp","href":"https:\/\/api.w.org\/{rel}","templated":true}]}}