{"id":20640,"date":"2025-07-29T09:54:44","date_gmt":"2025-07-29T09:54:44","guid":{"rendered":"https:\/\/www.sinpeks.com\/rs\/?post_type=product&#038;p=20640"},"modified":"2026-01-16T08:58:46","modified_gmt":"2026-01-16T08:58:46","slug":"berac-lesnika-kefeli-2800-sa-cetkom","status":"publish","type":"product","link":"https:\/\/www.sinpeks.com\/rs\/p\/berac-lesnika-kefeli-2800-sa-cetkom\/","title":{"rendered":"Bera\u010d le\u0161nika Kefeli 2800 sa \u010detkom"},"content":{"rendered":"<p>Mehani\u010dka ma\u0161ina za sakupljanje le\u0161nika, kestena, badema, oraha itd. Najbolje radi na ravnim povr\u0161inama i blago naklonjenim povr\u0161inama. Sakuplja\u010d KEFELI model 2800 ima 2 spirale (1 sito za granulaciju i 1 sito za transport). Kombajn za lje\u0161nik se povezuje sa traktorom preko kardana, a ka\u010di se klasi\u010dno, u tri ta\u010dke. Potrebna je brzina priklju\u010dnog vratila od 540 obrtaja\/min. U zavisnosti od pripreme zemlji\u0161ta kupi do 650 kg\/h. Potreban je traktor ja\u010di od 35 konjskih snaga. Za br\u017ei rad postoji bo\u010dna \u010detka, koja iz redova sakuplja i prebacuje plodove pod ma\u0161inu. Sa \u010detkom se pove\u0107ava brzina sakupljanja. Bo\u010dna \u010detka je povezana preko hidrauli\u010dkog para putem kojeg protok hidrauli\u010dkog ulja okre\u0107e \u010detku. Za najbolji u\u010dinak potrebno je pripremiti radnu povr\u0161inu i redovno mul\u010dati (pokositi travu) vi\u0161e puta tokom godine. Nije preporu\u010dljivo visoku travu mul\u010dati pred samu berbu. Bolje je da se bar 2 puta izvr\u0161i mul\u010danje u avgustu (pripremi ve\u0107 ranije koliko je to mogu\u0107e).<\/p>\n","protected":false},"excerpt":{"rendered":"<p>Mehani\u010dka ma\u0161ina za sakupljanje le\u0161nika, kestena, badema, oraha itd. Najbolje radi na ravnim povr\u0161inama i blago naklonjenim povr\u0161inama. Sakuplja\u010d KEFELI model 2800 ima 2 spirale (1 sito za granulaciju i 1 sito za transport). Kombajn za lje\u0161nik se povezuje sa traktorom preko kardana, a ka\u010di se klasi\u010dno, u tri ta\u010dke. Potrebna je brzina priklju\u010dnog vratila [&hellip;]<\/p>\n","protected":false},"featured_media":20794,"comment_status":"closed","ping_status":"closed","template":"","meta":{"_acf_changed":false},"product_cat":[194],"product_tag":[],"class_list":{"0":"post-20640","1":"product","2":"type-product","3":"status-publish","4":"has-post-thumbnail","6":"product_cat-branje-i-ciscenje-lesnika","7":"product_shipping_class-ostale-kategorije-makedonija","8":"pa_b-kefeli-tarim","9":"pa_market-ba","10":"pa_market-mk","11":"pa_market-rs","12":"pa_min-snaga-traktora-35-ks","13":"pa_radna-sirina-180-cm","15":"first","16":"instock","17":"sale","18":"taxable","19":"shipping-taxable","20":"purchasable","21":"product-type-simple"},"acf":[],"seolaxy_ctr_woo_product_custom_meta_description_content":"","_links":{"self":[{"href":"https:\/\/www.sinpeks.com\/rs\/wp-json\/wp\/v2\/product\/20640","targetHints":{"allow":["GET"]}}],"collection":[{"href":"https:\/\/www.sinpeks.com\/rs\/wp-json\/wp\/v2\/product"}],"about":[{"href":"https:\/\/www.sinpeks.com\/rs\/wp-json\/wp\/v2\/types\/product"}],"replies":[{"embeddable":true,"href":"https:\/\/www.sinpeks.com\/rs\/wp-json\/wp\/v2\/comments?post=20640"}],"wp:featuredmedia":[{"embeddable":true,"href":"https:\/\/www.sinpeks.com\/rs\/wp-json\/wp\/v2\/media\/20794"}],"wp:attachment":[{"href":"https:\/\/www.sinpeks.com\/rs\/wp-json\/wp\/v2\/media?parent=20640"}],"wp:term":[{"taxonomy":"product_cat","embeddable":true,"href":"https:\/\/www.sinpeks.com\/rs\/wp-json\/wp\/v2\/product_cat?post=20640"},{"taxonomy":"product_tag","embeddable":true,"href":"https:\/\/www.sinpeks.com\/rs\/wp-json\/wp\/v2\/product_tag?post=20640"}],"curies":[{"name":"wp","href":"https:\/\/api.w.org\/{rel}","templated":true}]}}