{"id":20635,"date":"2025-07-29T09:31:11","date_gmt":"2025-07-29T09:31:11","guid":{"rendered":"https:\/\/www.sinpeks.com\/rs\/?post_type=product&#038;p=20635"},"modified":"2026-01-13T12:42:27","modified_gmt":"2026-01-13T12:42:27","slug":"masina-za-ciscenje-i-sortiranje-lesnika-kf-222","status":"publish","type":"product","link":"https:\/\/www.sinpeks.com\/rs\/p\/masina-za-ciscenje-i-sortiranje-lesnika-kf-222\/","title":{"rendered":"Ma\u0161ina za \u010di\u0161\u0107enje i sortiranje le\u0161nika KF-222"},"content":{"rendered":"<p>Ma\u0161ina Kefeli KF-222 slu\u017ei za \u010di\u0161\u0107enje le\u0161nika od ne\u010disto\u0107a. Za separatore sa pogonom preko elektro motora potrebna je kvalitetna monofazna struja sa osigura\u010dem na satu od minimalno 32A. Tako\u0111e uti\u010dnica na koju se priklju\u010duje separator, mora imati ja\u010di osigura\u010d od klasi\u010dnog. Separator le\u0161nika Kefeli KF-222 ima i opciju da radi sa pogonom preko traktorskog kardana (KF-222T). Za tu opciju je potreban traktor ja\u010di od 35KS. Cena se jako razlikuje od verzije sa elektro pogonom. Postoji i opcija separatora sa sopstvenim benzinskim motorom 6KS (KF-222G). Cena se tako\u0111e razlikuje od elektro pogona.<\/p>\n","protected":false},"excerpt":{"rendered":"<p>Ma\u0161ina Kefeli KF-222 slu\u017ei za \u010di\u0161\u0107enje le\u0161nika od ne\u010disto\u0107a. Za separatore sa pogonom preko elektro motora potrebna je kvalitetna monofazna struja sa osigura\u010dem na satu od minimalno 32A. Tako\u0111e uti\u010dnica na koju se priklju\u010duje separator, mora imati ja\u010di osigura\u010d od klasi\u010dnog. Separator le\u0161nika Kefeli KF-222 ima i opciju da radi sa pogonom preko traktorskog kardana [&hellip;]<\/p>\n","protected":false},"featured_media":20639,"comment_status":"closed","ping_status":"closed","template":"","meta":{"_acf_changed":false},"product_cat":[194],"product_tag":[],"class_list":{"0":"post-20635","1":"product","2":"type-product","3":"status-publish","4":"has-post-thumbnail","6":"product_cat-branje-i-ciscenje-lesnika","7":"product_shipping_class-ostale-kategorije-makedonija","8":"pa_b-kefeli-tarim","9":"pa_market-ba","10":"pa_market-mk","11":"pa_market-rs","13":"first","14":"outofstock","15":"sale","16":"taxable","17":"shipping-taxable","18":"purchasable","19":"product-type-simple"},"acf":[],"seolaxy_ctr_woo_product_custom_meta_description_content":"","_links":{"self":[{"href":"https:\/\/www.sinpeks.com\/rs\/wp-json\/wp\/v2\/product\/20635","targetHints":{"allow":["GET"]}}],"collection":[{"href":"https:\/\/www.sinpeks.com\/rs\/wp-json\/wp\/v2\/product"}],"about":[{"href":"https:\/\/www.sinpeks.com\/rs\/wp-json\/wp\/v2\/types\/product"}],"replies":[{"embeddable":true,"href":"https:\/\/www.sinpeks.com\/rs\/wp-json\/wp\/v2\/comments?post=20635"}],"wp:featuredmedia":[{"embeddable":true,"href":"https:\/\/www.sinpeks.com\/rs\/wp-json\/wp\/v2\/media\/20639"}],"wp:attachment":[{"href":"https:\/\/www.sinpeks.com\/rs\/wp-json\/wp\/v2\/media?parent=20635"}],"wp:term":[{"taxonomy":"product_cat","embeddable":true,"href":"https:\/\/www.sinpeks.com\/rs\/wp-json\/wp\/v2\/product_cat?post=20635"},{"taxonomy":"product_tag","embeddable":true,"href":"https:\/\/www.sinpeks.com\/rs\/wp-json\/wp\/v2\/product_tag?post=20635"}],"curies":[{"name":"wp","href":"https:\/\/api.w.org\/{rel}","templated":true}]}}