{"id":20525,"date":"2025-07-23T08:20:47","date_gmt":"2025-07-23T08:20:47","guid":{"rendered":"https:\/\/www.sinpeks.com\/rs\/?post_type=product&#038;p=20525"},"modified":"2026-03-03T12:25:11","modified_gmt":"2026-03-03T12:25:11","slug":"mini-rolo-baliracka-srb-60-plus-01","status":"publish","type":"product","link":"https:\/\/www.sinpeks.com\/rs\/p\/mini-rolo-baliracka-srb-60-plus-01\/","title":{"rendered":"Mini rolo balira\u010dka SRB-60 PLUS-01"},"content":{"rendered":"<p>SRB \u2013 60+ je mala i kompaktna ma\u0161ina za baliranje okruglih bala koja bere bilo koji kombinovani po\u017enjeveni red u jednom pokretu. Proizvodi okrugle bale od 15-25 kg, dimenzija 610&#215;915 mm, lake za ru\u010dno rukovanje. Pogodna je za manja polja. Opremljena je digitalnim broja\u010dem bala i elektronskim zujalicima koji ukazuju na zavr\u0161etak baliranja. Sa manje prosipanja i boljim sabijanjem, ima veoma niske tro\u0161kove odr\u017eavanja i vlasni\u0161tva, \u0161to je \u010dini ekonomski isplativom i samim tim veoma profitabilnom za poljoprivrednike. Generalno, koristi se za baliranje pirin\u010da i p\u0161enice.<\/p>\n","protected":false},"excerpt":{"rendered":"<p>SRB \u2013 60+ je mala i kompaktna ma\u0161ina za baliranje okruglih bala koja bere bilo koji kombinovani po\u017enjeveni red u jednom pokretu. Proizvodi okrugle bale od 15-25 kg, dimenzija 610&#215;915 mm, lake za ru\u010dno rukovanje. Pogodna je za manja polja. Opremljena je digitalnim broja\u010dem bala i elektronskim zujalicima koji ukazuju na zavr\u0161etak baliranja. Sa manje [&hellip;]<\/p>\n","protected":false},"featured_media":20526,"comment_status":"closed","ping_status":"closed","template":"","meta":{"_acf_changed":false},"product_cat":[98],"product_tag":[],"class_list":{"0":"post-20525","1":"product","2":"type-product","3":"status-publish","4":"has-post-thumbnail","6":"product_cat-prese-za-baliranje","7":"product_shipping_class-ostale-kategorije-makedonija","8":"pa_b-agrina","9":"pa_market-ba","10":"pa_market-mk","11":"pa_market-rs","12":"pa_min-snaga-traktora-30-50-ks","13":"pa_radna-sirina-92-5-cm","15":"first","16":"outofstock","17":"sale","18":"taxable","19":"shipping-taxable","20":"purchasable","21":"product-type-simple"},"acf":[],"seolaxy_ctr_woo_product_custom_meta_description_content":"","_links":{"self":[{"href":"https:\/\/www.sinpeks.com\/rs\/wp-json\/wp\/v2\/product\/20525","targetHints":{"allow":["GET"]}}],"collection":[{"href":"https:\/\/www.sinpeks.com\/rs\/wp-json\/wp\/v2\/product"}],"about":[{"href":"https:\/\/www.sinpeks.com\/rs\/wp-json\/wp\/v2\/types\/product"}],"replies":[{"embeddable":true,"href":"https:\/\/www.sinpeks.com\/rs\/wp-json\/wp\/v2\/comments?post=20525"}],"wp:featuredmedia":[{"embeddable":true,"href":"https:\/\/www.sinpeks.com\/rs\/wp-json\/wp\/v2\/media\/20526"}],"wp:attachment":[{"href":"https:\/\/www.sinpeks.com\/rs\/wp-json\/wp\/v2\/media?parent=20525"}],"wp:term":[{"taxonomy":"product_cat","embeddable":true,"href":"https:\/\/www.sinpeks.com\/rs\/wp-json\/wp\/v2\/product_cat?post=20525"},{"taxonomy":"product_tag","embeddable":true,"href":"https:\/\/www.sinpeks.com\/rs\/wp-json\/wp\/v2\/product_tag?post=20525"}],"curies":[{"name":"wp","href":"https:\/\/api.w.org\/{rel}","templated":true}]}}