{"id":19960,"date":"2025-06-20T21:43:46","date_gmt":"2025-06-20T21:43:46","guid":{"rendered":"https:\/\/www.sinpeks.com\/rs\/p\/prikolica-fermak-10-t-dve-osovine-2\/"},"modified":"2026-01-13T11:25:10","modified_gmt":"2026-01-13T11:25:10","slug":"prikolica-fermak-10-t-dve-osovine-2","status":"publish","type":"product","link":"https:\/\/www.sinpeks.com\/rs\/p\/prikolica-fermak-10-t-dve-osovine-2\/","title":{"rendered":"Prikolica FERMAK 10 t. dve osovine sa hidrauli\u010dnim ko\u010dnicama"},"content":{"rendered":"<p>Dvoosovinska prikolica nosivosti do 10t., sa hidrauli\u010dnim ko\u010dnicama, dodatnim stranicama i kipanjem na jednu stranu.<\/p>\n","protected":false},"excerpt":{"rendered":"<p>Dvoosovinska prikolica nosivosti do 10t., sa hidrauli\u010dnim ko\u010dnicama, dodatnim stranicama i kipanjem na jednu stranu.<\/p>\n","protected":false},"featured_media":19959,"comment_status":"open","ping_status":"closed","template":"","meta":{"_acf_changed":false},"product_cat":[36],"product_tag":[],"class_list":{"0":"post-19960","1":"product","2":"type-product","3":"status-publish","4":"has-post-thumbnail","6":"product_cat-prikolice-za-traktor","7":"product_shipping_class-ostale-kategorije-makedonija","8":"pa_b-fermak","9":"pa_kipanje-sa-kipanjem-na-jednu-stranu","10":"pa_market-ba","11":"pa_market-mk","12":"pa_market-rs","13":"pa_nosivost-prikolice-10-","14":"pa_tip-kocnice-hidraulicne","16":"first","17":"outofstock","18":"taxable","19":"shipping-taxable","20":"purchasable","21":"product-type-simple"},"acf":[],"seolaxy_ctr_woo_product_custom_meta_description_content":"","_links":{"self":[{"href":"https:\/\/www.sinpeks.com\/rs\/wp-json\/wp\/v2\/product\/19960","targetHints":{"allow":["GET"]}}],"collection":[{"href":"https:\/\/www.sinpeks.com\/rs\/wp-json\/wp\/v2\/product"}],"about":[{"href":"https:\/\/www.sinpeks.com\/rs\/wp-json\/wp\/v2\/types\/product"}],"replies":[{"embeddable":true,"href":"https:\/\/www.sinpeks.com\/rs\/wp-json\/wp\/v2\/comments?post=19960"}],"wp:featuredmedia":[{"embeddable":true,"href":"https:\/\/www.sinpeks.com\/rs\/wp-json\/wp\/v2\/media\/19959"}],"wp:attachment":[{"href":"https:\/\/www.sinpeks.com\/rs\/wp-json\/wp\/v2\/media?parent=19960"}],"wp:term":[{"taxonomy":"product_cat","embeddable":true,"href":"https:\/\/www.sinpeks.com\/rs\/wp-json\/wp\/v2\/product_cat?post=19960"},{"taxonomy":"product_tag","embeddable":true,"href":"https:\/\/www.sinpeks.com\/rs\/wp-json\/wp\/v2\/product_tag?post=19960"}],"curies":[{"name":"wp","href":"https:\/\/api.w.org\/{rel}","templated":true}]}}