{"id":19947,"date":"2025-06-20T21:43:42","date_gmt":"2025-06-20T21:43:42","guid":{"rendered":"https:\/\/www.sinpeks.com\/rs\/p\/plug-3-brazdni-14-inca-unlu-mehanicki-2\/"},"modified":"2026-04-15T09:41:36","modified_gmt":"2026-04-15T09:41:36","slug":"plug-3-brazdni-14-inca-unlu-mehanicki-2","status":"publish","type":"product","link":"https:\/\/www.sinpeks.com\/rs\/p\/plug-3-brazdni-14-inca-unlu-mehanicki-2\/","title":{"rendered":"Plug 3 + brazdni 14 in\u010da Unlu &#8211; mehani\u010dki"},"content":{"rendered":"<p>Plug 3-brazdni sa ru\u010dnim pode\u0161avanjem radne \u0161irine. Ima izuzetno izdr\u017eljiv povr\u0161inski sloj nano\u0161en elektrostati\u010dkog pra\u0161kastog premaza, dizajniran za male do srednje povr\u0161ine za jednosmernom i laganom oranju. Dodatni \u017eivotni vek zahvaljujuc\u0301i UNLU tehnologiji termi\u010dke obrade \u010delika. Ima moguc\u0301nost dodavanja dodatnog radnog tela<\/p>\n","protected":false},"excerpt":{"rendered":"<p>Plug 3-brazdni sa ru\u010dnim pode\u0161avanjem radne \u0161irine. Ima izuzetno izdr\u017eljiv povr\u0161inski sloj nano\u0161en elektrostati\u010dkog pra\u0161kastog premaza, dizajniran za male do srednje povr\u0161ine za jednosmernom i laganom oranju. Dodatni \u017eivotni vek zahvaljujuc\u0301i UNLU tehnologiji termi\u010dke obrade \u010delika. Ima moguc\u0301nost dodavanja dodatnog radnog tela<\/p>\n","protected":false},"featured_media":19946,"comment_status":"open","ping_status":"closed","template":"","meta":{"_acf_changed":false},"product_cat":[77],"product_tag":[],"class_list":{"0":"post-19947","1":"product","2":"type-product","3":"status-publish","4":"has-post-thumbnail","6":"product_cat-plugovi","7":"product_shipping_class-ostale-kategorije-makedonija","8":"pa_b-unlu","9":"pa_broj-brazdi-trobrazdni","10":"pa_market-ba","11":"pa_market-mk","12":"pa_market-rs","13":"pa_min-snaga-traktora-60-95-ks","15":"first","16":"outofstock","17":"sale","18":"taxable","19":"shipping-taxable","20":"purchasable","21":"product-type-simple"},"acf":[],"seolaxy_ctr_woo_product_custom_meta_description_content":"","_links":{"self":[{"href":"https:\/\/www.sinpeks.com\/rs\/wp-json\/wp\/v2\/product\/19947","targetHints":{"allow":["GET"]}}],"collection":[{"href":"https:\/\/www.sinpeks.com\/rs\/wp-json\/wp\/v2\/product"}],"about":[{"href":"https:\/\/www.sinpeks.com\/rs\/wp-json\/wp\/v2\/types\/product"}],"replies":[{"embeddable":true,"href":"https:\/\/www.sinpeks.com\/rs\/wp-json\/wp\/v2\/comments?post=19947"}],"wp:featuredmedia":[{"embeddable":true,"href":"https:\/\/www.sinpeks.com\/rs\/wp-json\/wp\/v2\/media\/19946"}],"wp:attachment":[{"href":"https:\/\/www.sinpeks.com\/rs\/wp-json\/wp\/v2\/media?parent=19947"}],"wp:term":[{"taxonomy":"product_cat","embeddable":true,"href":"https:\/\/www.sinpeks.com\/rs\/wp-json\/wp\/v2\/product_cat?post=19947"},{"taxonomy":"product_tag","embeddable":true,"href":"https:\/\/www.sinpeks.com\/rs\/wp-json\/wp\/v2\/product_tag?post=19947"}],"curies":[{"name":"wp","href":"https:\/\/api.w.org\/{rel}","templated":true}]}}