{"id":19874,"date":"2025-06-20T21:43:09","date_gmt":"2025-06-20T21:43:09","guid":{"rendered":"https:\/\/www.sinpeks.com\/rs\/p\/traktor-imt-539-2-di-2wd-cab\/"},"modified":"2026-01-13T10:57:13","modified_gmt":"2026-01-13T10:57:13","slug":"traktor-imt-539-2-di-2wd-cab","status":"publish","type":"product","link":"https:\/\/www.sinpeks.com\/rs\/p\/traktor-imt-539-2-di-2wd-cab\/","title":{"rendered":"Traktor IMT 539.2 DI 2WD cab"},"content":{"rendered":"<p>Legendarni traktor sada sa kabinom, neosporan u radu na terenu, IMT 539.2 DI je traktor koji treba da bude u vlasni\u0161tvu svakog malog ili ve\u0107eg poljoprivrednog gazdinstva. Poznati dizajn, savremena tehni\u010dka re\u0161enja, maksimalna izdr\u017eljivost, niska cena i jednostavnost su njegove glavne prednosti. I verujte mi, ovde se ne radi o nostalgiji.<\/p>\n","protected":false},"excerpt":{"rendered":"<p>Legendarni traktor sada sa kabinom, neosporan u radu na terenu, IMT 539.2 DI je traktor koji treba da bude u vlasni\u0161tvu svakog malog ili ve\u0107eg poljoprivrednog gazdinstva. Poznati dizajn, savremena tehni\u010dka re\u0161enja, maksimalna izdr\u017eljivost, niska cena i jednostavnost su njegove glavne prednosti. I verujte mi, ovde se ne radi o nostalgiji.<\/p>\n","protected":false},"featured_media":19873,"comment_status":"open","ping_status":"closed","template":"","meta":{"_acf_changed":false},"product_cat":[60],"product_tag":[],"class_list":{"0":"post-19874","1":"product","2":"type-product","3":"status-publish","4":"has-post-thumbnail","6":"product_cat-poljoprivredni","7":"product_shipping_class-ostale-kategorije-makedonija","8":"pa_b-imt","9":"pa_gorivo-dizel","10":"pa_kabina-sa-kabinom","11":"pa_klimatizacija-bez-klime","12":"pa_market-rs","13":"pa_max-kapacitet-dizanja-1100-kg","14":"pa_menjac-sa-manuelnim-menjacem","15":"pa_pogon-traktora-sa-zadnjim-pogonom-2wd","17":"first","18":"outofstock","19":"sale","20":"taxable","21":"shipping-taxable","22":"purchasable","23":"product-type-simple"},"acf":[],"seolaxy_ctr_woo_product_custom_meta_description_content":"","_links":{"self":[{"href":"https:\/\/www.sinpeks.com\/rs\/wp-json\/wp\/v2\/product\/19874","targetHints":{"allow":["GET"]}}],"collection":[{"href":"https:\/\/www.sinpeks.com\/rs\/wp-json\/wp\/v2\/product"}],"about":[{"href":"https:\/\/www.sinpeks.com\/rs\/wp-json\/wp\/v2\/types\/product"}],"replies":[{"embeddable":true,"href":"https:\/\/www.sinpeks.com\/rs\/wp-json\/wp\/v2\/comments?post=19874"}],"wp:featuredmedia":[{"embeddable":true,"href":"https:\/\/www.sinpeks.com\/rs\/wp-json\/wp\/v2\/media\/19873"}],"wp:attachment":[{"href":"https:\/\/www.sinpeks.com\/rs\/wp-json\/wp\/v2\/media?parent=19874"}],"wp:term":[{"taxonomy":"product_cat","embeddable":true,"href":"https:\/\/www.sinpeks.com\/rs\/wp-json\/wp\/v2\/product_cat?post=19874"},{"taxonomy":"product_tag","embeddable":true,"href":"https:\/\/www.sinpeks.com\/rs\/wp-json\/wp\/v2\/product_tag?post=19874"}],"curies":[{"name":"wp","href":"https:\/\/api.w.org\/{rel}","templated":true}]}}