{"id":19695,"date":"2025-06-13T11:33:52","date_gmt":"2025-06-13T11:33:52","guid":{"rendered":"https:\/\/www.sinpeks.com\/rs\/p\/odvijac-na-baterije-edrl2060151\/"},"modified":"2026-05-11T12:16:43","modified_gmt":"2026-05-11T12:16:43","slug":"odvijac-na-baterije-edrl2060151","status":"publish","type":"product","link":"https:\/\/www.sinpeks.com\/rs\/p\/odvijac-na-baterije-edrl2060151\/","title":{"rendered":"Odvija\u010d na baterije EDRL2060151"},"content":{"rendered":"<p>Akumulatorski klju\u010d sa \u010degrtaljkom i \u010detvrtastim priklju\u010dkom od 3\/8&#8243;, sa setom od 3 nasadna klju\u010da (13, 17, 19 mm).<\/p>\n<p>*Napomena: Ma\u0161ina ne dolazi sa baterijom ili punja\u010dem. Kompatibilna je sa svim Emtop baterijama i punja\u010dima od 20 V (P20S).<\/p>\n","protected":false},"excerpt":{"rendered":"<p>Akumulatorski klju\u010d sa \u010degrtaljkom i \u010detvrtastim priklju\u010dkom od 3\/8&#8243;, sa setom od 3 nasadna klju\u010da (13, 17, 19 mm). *Napomena: Ma\u0161ina ne dolazi sa baterijom ili punja\u010dem. Kompatibilna je sa svim Emtop baterijama i punja\u010dima od 20 V (P20S).<\/p>\n","protected":false},"featured_media":19705,"comment_status":"open","ping_status":"closed","template":"","meta":{"_acf_changed":false},"product_cat":[3760,5293],"product_tag":[],"class_list":{"0":"post-19695","1":"product","2":"type-product","3":"status-publish","4":"has-post-thumbnail","6":"product_cat-alati","7":"product_cat-emtop-akcija","8":"product_shipping_class-alati-masine-srbija","9":"pa_b-emtop","10":"pa_market-ba","11":"pa_market-mk","12":"pa_market-rs","13":"pa_napon-20-v","14":"pa_obrtni-moment-65-nm","16":"first","17":"instock","18":"sale","19":"taxable","20":"shipping-taxable","21":"purchasable","22":"product-type-simple"},"acf":[],"seolaxy_ctr_woo_product_custom_meta_description_content":"","_links":{"self":[{"href":"https:\/\/www.sinpeks.com\/rs\/wp-json\/wp\/v2\/product\/19695","targetHints":{"allow":["GET"]}}],"collection":[{"href":"https:\/\/www.sinpeks.com\/rs\/wp-json\/wp\/v2\/product"}],"about":[{"href":"https:\/\/www.sinpeks.com\/rs\/wp-json\/wp\/v2\/types\/product"}],"replies":[{"embeddable":true,"href":"https:\/\/www.sinpeks.com\/rs\/wp-json\/wp\/v2\/comments?post=19695"}],"wp:featuredmedia":[{"embeddable":true,"href":"https:\/\/www.sinpeks.com\/rs\/wp-json\/wp\/v2\/media\/19705"}],"wp:attachment":[{"href":"https:\/\/www.sinpeks.com\/rs\/wp-json\/wp\/v2\/media?parent=19695"}],"wp:term":[{"taxonomy":"product_cat","embeddable":true,"href":"https:\/\/www.sinpeks.com\/rs\/wp-json\/wp\/v2\/product_cat?post=19695"},{"taxonomy":"product_tag","embeddable":true,"href":"https:\/\/www.sinpeks.com\/rs\/wp-json\/wp\/v2\/product_tag?post=19695"}],"curies":[{"name":"wp","href":"https:\/\/api.w.org\/{rel}","templated":true}]}}