{"id":19693,"date":"2025-06-13T11:33:52","date_gmt":"2025-06-13T11:33:52","guid":{"rendered":"https:\/\/www.sinpeks.com\/rs\/p\/akumulatorski-zabijac-eksera-emtop-elbnli3603\/"},"modified":"2026-05-07T12:55:49","modified_gmt":"2026-05-07T12:55:49","slug":"akumulatorski-zabijac-eksera-emtop-elbnli3603","status":"publish","type":"product","link":"https:\/\/www.sinpeks.com\/rs\/p\/akumulatorski-zabijac-eksera-emtop-elbnli3603\/","title":{"rendered":"Akumulatorski zabija\u010d eksera Emtop ELBNLI3603"},"content":{"rendered":"<p>Akumulatorski zabija\u010d eksera ELBNLI3603 Emtop. Dolazi u kompletu sa 3600 komada eksera od 25 mm, iglom i vazdu\u0161nom mlaznicom. Pakovan u kutiji za skladi\u0161tenje i transport.<\/p>\n<p>*Napomena: Ma\u0161ina ne uklju\u010duje bateriju i punja\u010d. Sve baterije i punja\u010di Emtop od 20 V (P20S) su kompatibilni sa njom.<\/p>\n","protected":false},"excerpt":{"rendered":"<p>Akumulatorski zabija\u010d eksera ELBNLI3603 Emtop. Dolazi u kompletu sa 3600 komada eksera od 25 mm, iglom i vazdu\u0161nom mlaznicom. Pakovan u kutiji za skladi\u0161tenje i transport. *Napomena: Ma\u0161ina ne uklju\u010duje bateriju i punja\u010d. Sve baterije i punja\u010di Emtop od 20 V (P20S) su kompatibilni sa njom.<\/p>\n","protected":false},"featured_media":19704,"comment_status":"open","ping_status":"closed","template":"","meta":{"_acf_changed":false},"product_cat":[3760,5293],"product_tag":[],"class_list":{"0":"post-19693","1":"product","2":"type-product","3":"status-publish","4":"has-post-thumbnail","6":"product_cat-alati","7":"product_cat-emtop-akcija","8":"product_shipping_class-alati-masine-srbija","9":"pa_b-emtop","10":"pa_market-ba","11":"pa_market-mk","12":"pa_market-rs","13":"pa_napon-20-v","15":"first","16":"instock","17":"sale","18":"taxable","19":"shipping-taxable","20":"purchasable","21":"product-type-simple"},"acf":[],"seolaxy_ctr_woo_product_custom_meta_description_content":"","_links":{"self":[{"href":"https:\/\/www.sinpeks.com\/rs\/wp-json\/wp\/v2\/product\/19693","targetHints":{"allow":["GET"]}}],"collection":[{"href":"https:\/\/www.sinpeks.com\/rs\/wp-json\/wp\/v2\/product"}],"about":[{"href":"https:\/\/www.sinpeks.com\/rs\/wp-json\/wp\/v2\/types\/product"}],"replies":[{"embeddable":true,"href":"https:\/\/www.sinpeks.com\/rs\/wp-json\/wp\/v2\/comments?post=19693"}],"wp:featuredmedia":[{"embeddable":true,"href":"https:\/\/www.sinpeks.com\/rs\/wp-json\/wp\/v2\/media\/19704"}],"wp:attachment":[{"href":"https:\/\/www.sinpeks.com\/rs\/wp-json\/wp\/v2\/media?parent=19693"}],"wp:term":[{"taxonomy":"product_cat","embeddable":true,"href":"https:\/\/www.sinpeks.com\/rs\/wp-json\/wp\/v2\/product_cat?post=19693"},{"taxonomy":"product_tag","embeddable":true,"href":"https:\/\/www.sinpeks.com\/rs\/wp-json\/wp\/v2\/product_tag?post=19693"}],"curies":[{"name":"wp","href":"https:\/\/api.w.org\/{rel}","templated":true}]}}