{"id":19692,"date":"2025-06-13T11:33:51","date_gmt":"2025-06-13T11:33:51","guid":{"rendered":"https:\/\/www.sinpeks.com\/rs\/p\/akumulatorski-pistolj-za-silikon-emtop-elcg2001\/"},"modified":"2026-04-24T11:26:44","modified_gmt":"2026-04-24T11:26:44","slug":"akumulatorski-pistolj-za-silikon-emtop-elcg2001","status":"publish","type":"product","link":"https:\/\/www.sinpeks.com\/rs\/p\/akumulatorski-pistolj-za-silikon-emtop-elcg2001\/","title":{"rendered":"Akumulatorski pi\u0161tolj za silikon Emtop ELCG2001"},"content":{"rendered":"<p>Silikonski pi\u0161tolj na baterije sa potisnom silom od 3700N i promenljivom kontrolom brzine.<\/p>\n<p>*Napomena: Ma\u0161ina ne dolazi sa baterijom ili punja\u010dem. Kompatibilna je sa svim Emtop baterijama i punja\u010dima od 20 V (P20S).<\/p>\n","protected":false},"excerpt":{"rendered":"<p>Silikonski pi\u0161tolj na baterije sa potisnom silom od 3700N i promenljivom kontrolom brzine. *Napomena: Ma\u0161ina ne dolazi sa baterijom ili punja\u010dem. Kompatibilna je sa svim Emtop baterijama i punja\u010dima od 20 V (P20S).<\/p>\n","protected":false},"featured_media":19708,"comment_status":"open","ping_status":"closed","template":"","meta":{"_acf_changed":false},"product_cat":[3760,5293],"product_tag":[],"class_list":{"0":"post-19692","1":"product","2":"type-product","3":"status-publish","4":"has-post-thumbnail","6":"product_cat-alati","7":"product_cat-emtop-akcija","8":"product_shipping_class-alati-masine-makedonija","9":"pa_b-emtop","10":"pa_market-ba","11":"pa_market-mk","12":"pa_market-rs","13":"pa_napon-20-v","15":"first","16":"instock","17":"sale","18":"taxable","19":"shipping-taxable","20":"purchasable","21":"product-type-simple"},"acf":[],"seolaxy_ctr_woo_product_custom_meta_description_content":"","_links":{"self":[{"href":"https:\/\/www.sinpeks.com\/rs\/wp-json\/wp\/v2\/product\/19692","targetHints":{"allow":["GET"]}}],"collection":[{"href":"https:\/\/www.sinpeks.com\/rs\/wp-json\/wp\/v2\/product"}],"about":[{"href":"https:\/\/www.sinpeks.com\/rs\/wp-json\/wp\/v2\/types\/product"}],"replies":[{"embeddable":true,"href":"https:\/\/www.sinpeks.com\/rs\/wp-json\/wp\/v2\/comments?post=19692"}],"wp:featuredmedia":[{"embeddable":true,"href":"https:\/\/www.sinpeks.com\/rs\/wp-json\/wp\/v2\/media\/19708"}],"wp:attachment":[{"href":"https:\/\/www.sinpeks.com\/rs\/wp-json\/wp\/v2\/media?parent=19692"}],"wp:term":[{"taxonomy":"product_cat","embeddable":true,"href":"https:\/\/www.sinpeks.com\/rs\/wp-json\/wp\/v2\/product_cat?post=19692"},{"taxonomy":"product_tag","embeddable":true,"href":"https:\/\/www.sinpeks.com\/rs\/wp-json\/wp\/v2\/product_tag?post=19692"}],"curies":[{"name":"wp","href":"https:\/\/api.w.org\/{rel}","templated":true}]}}