{"id":19691,"date":"2025-06-13T11:33:51","date_gmt":"2025-06-13T11:33:51","guid":{"rendered":"https:\/\/www.sinpeks.com\/rs\/p\/akumulatorski-zabijac-eksera-emtop-elstli3805\/"},"modified":"2026-05-04T21:41:45","modified_gmt":"2026-05-04T21:41:45","slug":"akumulatorski-zabijac-eksera-emtop-elstli3805","status":"publish","type":"product","link":"https:\/\/www.sinpeks.com\/rs\/p\/akumulatorski-zabijac-eksera-emtop-elstli3805\/","title":{"rendered":"Akumulatorski zabija\u010d eksera Emtop ELSTLI3805"},"content":{"rendered":"<p>Akumulatorski zabija\u010d za eksere, savr\u0161en za zabijanje eksera u zid od cigle, gvozdene plo\u010de (\u22641mm) ili drvo. Ima brzinu zabijanja od 2 eksera u sekundi i dolazi sa 200 eksera ST18mm u kompletu. Pakuje se u plasti\u010dnu kutiju za skladi\u0161tenje i transport.<\/p>\n<p>*Napomena: Ma\u0161ina je bez baterije i punja\u010da. Na nju odgovarju svi 20 V (P20S) Emtop baterije i punja\u010di.<\/p>\n","protected":false},"excerpt":{"rendered":"<p>Akumulatorski zabija\u010d za eksere, savr\u0161en za zabijanje eksera u zid od cigle, gvozdene plo\u010de (\u22641mm) ili drvo. Ima brzinu zabijanja od 2 eksera u sekundi i dolazi sa 200 eksera ST18mm u kompletu. Pakuje se u plasti\u010dnu kutiju za skladi\u0161tenje i transport. *Napomena: Ma\u0161ina je bez baterije i punja\u010da. Na nju odgovarju svi 20 V [&hellip;]<\/p>\n","protected":false},"featured_media":19709,"comment_status":"open","ping_status":"closed","template":"","meta":{"_acf_changed":false},"product_cat":[3760,5293],"product_tag":[],"class_list":{"0":"post-19691","1":"product","2":"type-product","3":"status-publish","4":"has-post-thumbnail","6":"product_cat-alati","7":"product_cat-emtop-akcija","8":"product_shipping_class-alati-masine-makedonija","9":"pa_b-emtop","10":"pa_market-ba","11":"pa_market-mk","12":"pa_market-rs","13":"pa_napon-20-v","15":"first","16":"instock","17":"sale","18":"taxable","19":"shipping-taxable","20":"purchasable","21":"product-type-simple"},"acf":[],"seolaxy_ctr_woo_product_custom_meta_description_content":"","_links":{"self":[{"href":"https:\/\/www.sinpeks.com\/rs\/wp-json\/wp\/v2\/product\/19691","targetHints":{"allow":["GET"]}}],"collection":[{"href":"https:\/\/www.sinpeks.com\/rs\/wp-json\/wp\/v2\/product"}],"about":[{"href":"https:\/\/www.sinpeks.com\/rs\/wp-json\/wp\/v2\/types\/product"}],"replies":[{"embeddable":true,"href":"https:\/\/www.sinpeks.com\/rs\/wp-json\/wp\/v2\/comments?post=19691"}],"wp:featuredmedia":[{"embeddable":true,"href":"https:\/\/www.sinpeks.com\/rs\/wp-json\/wp\/v2\/media\/19709"}],"wp:attachment":[{"href":"https:\/\/www.sinpeks.com\/rs\/wp-json\/wp\/v2\/media?parent=19691"}],"wp:term":[{"taxonomy":"product_cat","embeddable":true,"href":"https:\/\/www.sinpeks.com\/rs\/wp-json\/wp\/v2\/product_cat?post=19691"},{"taxonomy":"product_tag","embeddable":true,"href":"https:\/\/www.sinpeks.com\/rs\/wp-json\/wp\/v2\/product_tag?post=19691"}],"curies":[{"name":"wp","href":"https:\/\/api.w.org\/{rel}","templated":true}]}}