{"id":19690,"date":"2025-06-13T11:33:51","date_gmt":"2025-06-13T11:33:51","guid":{"rendered":"https:\/\/www.sinpeks.com\/rs\/p\/akumulatorski-visenamenski-alat-emtop-elmf20221\/"},"modified":"2026-05-12T06:46:33","modified_gmt":"2026-05-12T06:46:33","slug":"akumulatorski-visenamenski-alat-emtop-elmf20221","status":"publish","type":"product","link":"https:\/\/www.sinpeks.com\/rs\/p\/akumulatorski-visenamenski-alat-emtop-elmf20221\/","title":{"rendered":"Akumulatorski vi\u0161enamenski alat Emtop ELMF20221"},"content":{"rendered":"<p>Vi\u0161enamenski alat ELMF20221 Emtop koji \u0161iroko koriste amateri i profesionalni operateri. Napaja ga litijumska baterija od 20 V i ima 6 nivoa pode\u0161avanja brzine. Komplet sadr\u017ei nekoliko delova dodatne opreme, kao i kutiju za skladi\u0161tenje i transport.<\/p>\n","protected":false},"excerpt":{"rendered":"<p>Vi\u0161enamenski alat ELMF20221 Emtop koji \u0161iroko koriste amateri i profesionalni operateri. Napaja ga litijumska baterija od 20 V i ima 6 nivoa pode\u0161avanja brzine. Komplet sadr\u017ei nekoliko delova dodatne opreme, kao i kutiju za skladi\u0161tenje i transport.<\/p>\n","protected":false},"featured_media":19710,"comment_status":"open","ping_status":"closed","template":"","meta":{"_acf_changed":false},"product_cat":[3760,5293],"product_tag":[],"class_list":{"0":"post-19690","1":"product","2":"type-product","3":"status-publish","4":"has-post-thumbnail","6":"product_cat-alati","7":"product_cat-emtop-akcija","8":"product_shipping_class-alati-masine-srbija","9":"pa_b-emtop","10":"pa_market-ba","11":"pa_market-mk","12":"pa_market-rs","13":"pa_napon-20-v","15":"first","16":"instock","17":"sale","18":"taxable","19":"shipping-taxable","20":"purchasable","21":"product-type-simple"},"acf":[],"seolaxy_ctr_woo_product_custom_meta_description_content":"","_links":{"self":[{"href":"https:\/\/www.sinpeks.com\/rs\/wp-json\/wp\/v2\/product\/19690","targetHints":{"allow":["GET"]}}],"collection":[{"href":"https:\/\/www.sinpeks.com\/rs\/wp-json\/wp\/v2\/product"}],"about":[{"href":"https:\/\/www.sinpeks.com\/rs\/wp-json\/wp\/v2\/types\/product"}],"replies":[{"embeddable":true,"href":"https:\/\/www.sinpeks.com\/rs\/wp-json\/wp\/v2\/comments?post=19690"}],"wp:featuredmedia":[{"embeddable":true,"href":"https:\/\/www.sinpeks.com\/rs\/wp-json\/wp\/v2\/media\/19710"}],"wp:attachment":[{"href":"https:\/\/www.sinpeks.com\/rs\/wp-json\/wp\/v2\/media?parent=19690"}],"wp:term":[{"taxonomy":"product_cat","embeddable":true,"href":"https:\/\/www.sinpeks.com\/rs\/wp-json\/wp\/v2\/product_cat?post=19690"},{"taxonomy":"product_tag","embeddable":true,"href":"https:\/\/www.sinpeks.com\/rs\/wp-json\/wp\/v2\/product_tag?post=19690"}],"curies":[{"name":"wp","href":"https:\/\/api.w.org\/{rel}","templated":true}]}}