{"id":19675,"date":"2025-06-13T11:33:45","date_gmt":"2025-06-13T11:33:45","guid":{"rendered":"https:\/\/www.sinpeks.com\/rs\/p\/akumulatorski-udarni-odvijac-ecdliw20221-emtop\/"},"modified":"2026-05-16T00:43:45","modified_gmt":"2026-05-16T00:43:45","slug":"akumulatorski-udarni-odvijac-ecdliw20221-emtop","status":"publish","type":"product","link":"https:\/\/www.sinpeks.com\/rs\/p\/akumulatorski-udarni-odvijac-ecdliw20221-emtop\/","title":{"rendered":"Akumulatorski udarni odvija\u010d ECDLIW20221 Emtop"},"content":{"rendered":"<p>Akumulatorski odvija\u010d sa 2 litijumske baterije od 2 Ah, LED radnim svetlom i dodatnom opremom: 2 bita za odvija\u010d i 3 nasadna klju\u010da. Pakovano u torbi za skladi\u0161tenje i transport.<\/p>\n","protected":false},"excerpt":{"rendered":"<p>Akumulatorski odvija\u010d sa 2 litijumske baterije od 2 Ah, LED radnim svetlom i dodatnom opremom: 2 bita za odvija\u010d i 3 nasadna klju\u010da. Pakovano u torbi za skladi\u0161tenje i transport.<\/p>\n","protected":false},"featured_media":19729,"comment_status":"open","ping_status":"closed","template":"","meta":{"_acf_changed":false},"product_cat":[3760,5293],"product_tag":[],"class_list":{"0":"post-19675","1":"product","2":"type-product","3":"status-publish","4":"has-post-thumbnail","6":"product_cat-alati","7":"product_cat-emtop-akcija","8":"product_shipping_class-alati-masine-srbija","9":"pa_b-emtop","10":"pa_market-ba","11":"pa_market-mk","12":"pa_market-rs","13":"pa_napon-20-v","14":"pa_obrtni-moment-300-nm","16":"first","17":"instock","18":"sale","19":"taxable","20":"shipping-taxable","21":"purchasable","22":"product-type-simple"},"acf":[],"seolaxy_ctr_woo_product_custom_meta_description_content":"","_links":{"self":[{"href":"https:\/\/www.sinpeks.com\/rs\/wp-json\/wp\/v2\/product\/19675","targetHints":{"allow":["GET"]}}],"collection":[{"href":"https:\/\/www.sinpeks.com\/rs\/wp-json\/wp\/v2\/product"}],"about":[{"href":"https:\/\/www.sinpeks.com\/rs\/wp-json\/wp\/v2\/types\/product"}],"replies":[{"embeddable":true,"href":"https:\/\/www.sinpeks.com\/rs\/wp-json\/wp\/v2\/comments?post=19675"}],"wp:featuredmedia":[{"embeddable":true,"href":"https:\/\/www.sinpeks.com\/rs\/wp-json\/wp\/v2\/media\/19729"}],"wp:attachment":[{"href":"https:\/\/www.sinpeks.com\/rs\/wp-json\/wp\/v2\/media?parent=19675"}],"wp:term":[{"taxonomy":"product_cat","embeddable":true,"href":"https:\/\/www.sinpeks.com\/rs\/wp-json\/wp\/v2\/product_cat?post=19675"},{"taxonomy":"product_tag","embeddable":true,"href":"https:\/\/www.sinpeks.com\/rs\/wp-json\/wp\/v2\/product_tag?post=19675"}],"curies":[{"name":"wp","href":"https:\/\/api.w.org\/{rel}","templated":true}]}}