{"id":19665,"date":"2025-06-13T11:33:43","date_gmt":"2025-06-13T11:33:43","guid":{"rendered":"https:\/\/www.sinpeks.com\/rs\/p\/akumulatorska-busilica-srafciger-ecdl204531-emtop\/"},"modified":"2026-05-04T21:43:24","modified_gmt":"2026-05-04T21:43:24","slug":"akumulatorska-busilica-srafciger-ecdl204531-emtop","status":"publish","type":"product","link":"https:\/\/www.sinpeks.com\/rs\/p\/akumulatorska-busilica-srafciger-ecdl204531-emtop\/","title":{"rendered":"Akumulatorska bu\u0161ilica-\u0161rafciger ECDL204531 Emtop"},"content":{"rendered":"<p>Be\u017ei\u010dna udarna bu\u0161ilica\/odvija\u010d sa litijumskom baterijom od 20 V, motorom bez \u010detkica sa obrtnim momentom od 66 Nm, velikom brzinom od 2.000 o\/min, bezbedna i izdr\u017eljiva. Dolazi sa 47 delova radnog pribora, 3 burgije za zid i kutijom za skladi\u0161tenje i transport.<\/p>\n","protected":false},"excerpt":{"rendered":"<p>Be\u017ei\u010dna udarna bu\u0161ilica\/odvija\u010d sa litijumskom baterijom od 20 V, motorom bez \u010detkica sa obrtnim momentom od 66 Nm, velikom brzinom od 2.000 o\/min, bezbedna i izdr\u017eljiva. Dolazi sa 47 delova radnog pribora, 3 burgije za zid i kutijom za skladi\u0161tenje i transport.<\/p>\n","protected":false},"featured_media":19737,"comment_status":"open","ping_status":"closed","template":"","meta":{"_acf_changed":false},"product_cat":[3760,5293],"product_tag":[],"class_list":{"0":"post-19665","1":"product","2":"type-product","3":"status-publish","4":"has-post-thumbnail","6":"product_cat-alati","7":"product_cat-emtop-akcija","8":"product_shipping_class-alati-masine-makedonija","9":"pa_b-emtop","10":"pa_market-ba","11":"pa_market-mk","12":"pa_market-rs","13":"pa_napon-20-v","14":"pa_obrtni-moment-55-nm","16":"first","17":"instock","18":"sale","19":"taxable","20":"shipping-taxable","21":"purchasable","22":"product-type-simple"},"acf":[],"seolaxy_ctr_woo_product_custom_meta_description_content":"","_links":{"self":[{"href":"https:\/\/www.sinpeks.com\/rs\/wp-json\/wp\/v2\/product\/19665","targetHints":{"allow":["GET"]}}],"collection":[{"href":"https:\/\/www.sinpeks.com\/rs\/wp-json\/wp\/v2\/product"}],"about":[{"href":"https:\/\/www.sinpeks.com\/rs\/wp-json\/wp\/v2\/types\/product"}],"replies":[{"embeddable":true,"href":"https:\/\/www.sinpeks.com\/rs\/wp-json\/wp\/v2\/comments?post=19665"}],"wp:featuredmedia":[{"embeddable":true,"href":"https:\/\/www.sinpeks.com\/rs\/wp-json\/wp\/v2\/media\/19737"}],"wp:attachment":[{"href":"https:\/\/www.sinpeks.com\/rs\/wp-json\/wp\/v2\/media?parent=19665"}],"wp:term":[{"taxonomy":"product_cat","embeddable":true,"href":"https:\/\/www.sinpeks.com\/rs\/wp-json\/wp\/v2\/product_cat?post=19665"},{"taxonomy":"product_tag","embeddable":true,"href":"https:\/\/www.sinpeks.com\/rs\/wp-json\/wp\/v2\/product_tag?post=19665"}],"curies":[{"name":"wp","href":"https:\/\/api.w.org\/{rel}","templated":true}]}}